{"id":989,"date":"2024-07-08T21:57:45","date_gmt":"2024-07-08T21:57:45","guid":{"rendered":"https:\/\/waifusonorense.com\/tienda\/?post_type=product&#038;p=989"},"modified":"2025-07-08T00:20:06","modified_gmt":"2025-07-08T00:20:06","slug":"black-clover-n-23-2","status":"publish","type":"product","link":"https:\/\/waifusonorense.com\/tienda\/product\/black-clover-n-23-2\/","title":{"rendered":"Black clover N.23"},"content":{"rendered":"","protected":false},"excerpt":{"rendered":"<p>Asta es considerado como un criminal &#8220;pose\u00eddo por el Diablo&#8221; en el juicio de Damnatio.\u00a1\u00c9ly suscompa\u00f1eros de los Toros Negros inician una b\u00fasqueda para encontrar al &#8220;Diablo, autor del mal&#8221; y paraprobar su propia inocencia! \u00a1Ellos se dirigen hacia el Reino Coraz\u00f3n, una naci\u00f3n inexplorada quedesborda un inmensomanade la naturaleza, buscandopistas de las maldiciones y del demonio que semueve en las sombras pero&#8230;!<\/p>\n","protected":false},"featured_media":1599,"comment_status":"open","ping_status":"closed","template":"","meta":{"_monsterinsights_skip_tracking":false,"_monsterinsights_sitenote_active":false,"_monsterinsights_sitenote_note":"","_monsterinsights_sitenote_category":0},"product_brand":[],"product_cat":[62,33],"product_tag":[63],"class_list":{"0":"post-989","1":"product","2":"type-product","3":"status-publish","4":"has-post-thumbnail","6":"product_cat-black-clover","7":"product_cat-mangas","8":"product_tag-black-clover","10":"first","11":"instock","12":"taxable","13":"shipping-taxable","14":"purchasable","15":"product-type-simple","16":"add-to-wishlist-after_add_to_cart"},"aioseo_notices":[],"_links":{"self":[{"href":"https:\/\/waifusonorense.com\/tienda\/wp-json\/wp\/v2\/product\/989","targetHints":{"allow":["GET"]}}],"collection":[{"href":"https:\/\/waifusonorense.com\/tienda\/wp-json\/wp\/v2\/product"}],"about":[{"href":"https:\/\/waifusonorense.com\/tienda\/wp-json\/wp\/v2\/types\/product"}],"replies":[{"embeddable":true,"href":"https:\/\/waifusonorense.com\/tienda\/wp-json\/wp\/v2\/comments?post=989"}],"wp:featuredmedia":[{"embeddable":true,"href":"https:\/\/waifusonorense.com\/tienda\/wp-json\/wp\/v2\/media\/1599"}],"wp:attachment":[{"href":"https:\/\/waifusonorense.com\/tienda\/wp-json\/wp\/v2\/media?parent=989"}],"wp:term":[{"taxonomy":"product_brand","embeddable":true,"href":"https:\/\/waifusonorense.com\/tienda\/wp-json\/wp\/v2\/product_brand?post=989"},{"taxonomy":"product_cat","embeddable":true,"href":"https:\/\/waifusonorense.com\/tienda\/wp-json\/wp\/v2\/product_cat?post=989"},{"taxonomy":"product_tag","embeddable":true,"href":"https:\/\/waifusonorense.com\/tienda\/wp-json\/wp\/v2\/product_tag?post=989"}],"curies":[{"name":"wp","href":"https:\/\/api.w.org\/{rel}","templated":true}]}}