{"id":986,"date":"2024-07-08T21:57:45","date_gmt":"2024-07-08T21:57:45","guid":{"rendered":"https:\/\/waifusonorense.com\/tienda\/?post_type=product&#038;p=986"},"modified":"2025-07-08T00:20:06","modified_gmt":"2025-07-08T00:20:06","slug":"black-clover-n-20-2","status":"publish","type":"product","link":"https:\/\/waifusonorense.com\/tienda\/product\/black-clover-n-20-2\/","title":{"rendered":"Black clover N.20"},"content":{"rendered":"","protected":false},"excerpt":{"rendered":"<p>Vanessa y los dem\u00e1s fueron transportados al mundo de los sue\u00f1os de Dorothy. \u00bfDe qu\u00e9 forma seenfrentar\u00e1n a Dorothy en un espacio donde ella tiene el poder absoluto? \u00a1Por otro lado, Asta ycompa\u00f1\u00eda son forzados a una batalla re\u00f1ida ante losataques poderosos de la magia de espejo y lamagia de ojos de los hermanos Gauche y Marie! \u00a1Los Caballeros m\u00e1gicos se dirigen hacia el Palaciode las Sombras donde est\u00e1n reunidos los elfos en una lucha a\u00fan m\u00e1s feroz!<\/p>\n","protected":false},"featured_media":1602,"comment_status":"open","ping_status":"closed","template":"","meta":{"_monsterinsights_skip_tracking":false,"_monsterinsights_sitenote_active":false,"_monsterinsights_sitenote_note":"","_monsterinsights_sitenote_category":0},"product_brand":[],"product_cat":[62,33],"product_tag":[63],"class_list":{"0":"post-986","1":"product","2":"type-product","3":"status-publish","4":"has-post-thumbnail","6":"product_cat-black-clover","7":"product_cat-mangas","8":"product_tag-black-clover","10":"first","11":"instock","12":"taxable","13":"shipping-taxable","14":"purchasable","15":"product-type-simple","16":"add-to-wishlist-after_add_to_cart"},"aioseo_notices":[],"_links":{"self":[{"href":"https:\/\/waifusonorense.com\/tienda\/wp-json\/wp\/v2\/product\/986","targetHints":{"allow":["GET"]}}],"collection":[{"href":"https:\/\/waifusonorense.com\/tienda\/wp-json\/wp\/v2\/product"}],"about":[{"href":"https:\/\/waifusonorense.com\/tienda\/wp-json\/wp\/v2\/types\/product"}],"replies":[{"embeddable":true,"href":"https:\/\/waifusonorense.com\/tienda\/wp-json\/wp\/v2\/comments?post=986"}],"wp:featuredmedia":[{"embeddable":true,"href":"https:\/\/waifusonorense.com\/tienda\/wp-json\/wp\/v2\/media\/1602"}],"wp:attachment":[{"href":"https:\/\/waifusonorense.com\/tienda\/wp-json\/wp\/v2\/media?parent=986"}],"wp:term":[{"taxonomy":"product_brand","embeddable":true,"href":"https:\/\/waifusonorense.com\/tienda\/wp-json\/wp\/v2\/product_brand?post=986"},{"taxonomy":"product_cat","embeddable":true,"href":"https:\/\/waifusonorense.com\/tienda\/wp-json\/wp\/v2\/product_cat?post=986"},{"taxonomy":"product_tag","embeddable":true,"href":"https:\/\/waifusonorense.com\/tienda\/wp-json\/wp\/v2\/product_tag?post=986"}],"curies":[{"name":"wp","href":"https:\/\/api.w.org\/{rel}","templated":true}]}}