{"id":984,"date":"2024-07-08T21:57:45","date_gmt":"2024-07-08T21:57:45","guid":{"rendered":"https:\/\/waifusonorense.com\/tienda\/?post_type=product&#038;p=984"},"modified":"2025-07-08T00:20:06","modified_gmt":"2025-07-08T00:20:06","slug":"black-clover-n-18-2","status":"publish","type":"product","link":"https:\/\/waifusonorense.com\/tienda\/product\/black-clover-n-18-2\/","title":{"rendered":"Black clover N.18"},"content":{"rendered":"","protected":false},"excerpt":{"rendered":"<p>La mente de Luck ha sido tomada por un elfo. Magna y Vanessa intentan desesperadamente traerlo de vuelta,pero no ser\u00e1 una tarea sencilla. Sin embargo, no contaban con que Asta acudir\u00eda en su auxilio. Mientras tanto,la guarida del Escuadr\u00f3n Toro Negro ha sido severamente da\u00f1ada. Gracias a la magia de Henry, las piezasrestantes se unen y la guarida se transforma en Toro Negro Furioso.\u00a1Es as\u00ed como los miembros de Toro Negroparten rumbo a la Capital Real!<\/p>\n","protected":false},"featured_media":1604,"comment_status":"open","ping_status":"closed","template":"","meta":{"_monsterinsights_skip_tracking":false,"_monsterinsights_sitenote_active":false,"_monsterinsights_sitenote_note":"","_monsterinsights_sitenote_category":0},"product_brand":[],"product_cat":[62,33],"product_tag":[63],"class_list":{"0":"post-984","1":"product","2":"type-product","3":"status-publish","4":"has-post-thumbnail","6":"product_cat-black-clover","7":"product_cat-mangas","8":"product_tag-black-clover","10":"first","11":"instock","12":"taxable","13":"shipping-taxable","14":"purchasable","15":"product-type-simple","16":"add-to-wishlist-after_add_to_cart"},"aioseo_notices":[],"_links":{"self":[{"href":"https:\/\/waifusonorense.com\/tienda\/wp-json\/wp\/v2\/product\/984","targetHints":{"allow":["GET"]}}],"collection":[{"href":"https:\/\/waifusonorense.com\/tienda\/wp-json\/wp\/v2\/product"}],"about":[{"href":"https:\/\/waifusonorense.com\/tienda\/wp-json\/wp\/v2\/types\/product"}],"replies":[{"embeddable":true,"href":"https:\/\/waifusonorense.com\/tienda\/wp-json\/wp\/v2\/comments?post=984"}],"wp:featuredmedia":[{"embeddable":true,"href":"https:\/\/waifusonorense.com\/tienda\/wp-json\/wp\/v2\/media\/1604"}],"wp:attachment":[{"href":"https:\/\/waifusonorense.com\/tienda\/wp-json\/wp\/v2\/media?parent=984"}],"wp:term":[{"taxonomy":"product_brand","embeddable":true,"href":"https:\/\/waifusonorense.com\/tienda\/wp-json\/wp\/v2\/product_brand?post=984"},{"taxonomy":"product_cat","embeddable":true,"href":"https:\/\/waifusonorense.com\/tienda\/wp-json\/wp\/v2\/product_cat?post=984"},{"taxonomy":"product_tag","embeddable":true,"href":"https:\/\/waifusonorense.com\/tienda\/wp-json\/wp\/v2\/product_tag?post=984"}],"curies":[{"name":"wp","href":"https:\/\/api.w.org\/{rel}","templated":true}]}}