{"id":982,"date":"2024-07-08T21:57:44","date_gmt":"2024-07-08T21:57:44","guid":{"rendered":"https:\/\/waifusonorense.com\/tienda\/?post_type=product&#038;p=982"},"modified":"2025-07-08T00:20:06","modified_gmt":"2025-07-08T00:20:06","slug":"black-clover-n-16-2","status":"publish","type":"product","link":"https:\/\/waifusonorense.com\/tienda\/product\/black-clover-n-16-2\/","title":{"rendered":"Black clover N.16"},"content":{"rendered":"","protected":false},"excerpt":{"rendered":"<p>Gauche y compa\u00f1\u00eda, quienes fueron atacados por El Ojo del Sol de Media Noche, logran revertir la situaci\u00f3n con la participaci\u00f3n de Henry, pero, \u00bfqu\u00e9 ser\u00e1 lo que suceder\u00e1? Por otro lado, las dudas que Yami tiene respecto a Vangeance se profundizan y espera encontrarse con \u00e9l, pero Vangeance est\u00e1 enfrent\u00e1ndose con el Emperador M\u00e1gico en la Capital Real. \u00a1Entonces sucede un incidente! D:<\/p>\n","protected":false},"featured_media":1605,"comment_status":"open","ping_status":"closed","template":"","meta":{"_monsterinsights_skip_tracking":false,"_monsterinsights_sitenote_active":false,"_monsterinsights_sitenote_note":"","_monsterinsights_sitenote_category":0},"product_brand":[],"product_cat":[62,33],"product_tag":[63],"class_list":{"0":"post-982","1":"product","2":"type-product","3":"status-publish","4":"has-post-thumbnail","6":"product_cat-black-clover","7":"product_cat-mangas","8":"product_tag-black-clover","10":"first","11":"instock","12":"taxable","13":"shipping-taxable","14":"purchasable","15":"product-type-simple","16":"add-to-wishlist-after_add_to_cart"},"aioseo_notices":[],"_links":{"self":[{"href":"https:\/\/waifusonorense.com\/tienda\/wp-json\/wp\/v2\/product\/982","targetHints":{"allow":["GET"]}}],"collection":[{"href":"https:\/\/waifusonorense.com\/tienda\/wp-json\/wp\/v2\/product"}],"about":[{"href":"https:\/\/waifusonorense.com\/tienda\/wp-json\/wp\/v2\/types\/product"}],"replies":[{"embeddable":true,"href":"https:\/\/waifusonorense.com\/tienda\/wp-json\/wp\/v2\/comments?post=982"}],"wp:featuredmedia":[{"embeddable":true,"href":"https:\/\/waifusonorense.com\/tienda\/wp-json\/wp\/v2\/media\/1605"}],"wp:attachment":[{"href":"https:\/\/waifusonorense.com\/tienda\/wp-json\/wp\/v2\/media?parent=982"}],"wp:term":[{"taxonomy":"product_brand","embeddable":true,"href":"https:\/\/waifusonorense.com\/tienda\/wp-json\/wp\/v2\/product_brand?post=982"},{"taxonomy":"product_cat","embeddable":true,"href":"https:\/\/waifusonorense.com\/tienda\/wp-json\/wp\/v2\/product_cat?post=982"},{"taxonomy":"product_tag","embeddable":true,"href":"https:\/\/waifusonorense.com\/tienda\/wp-json\/wp\/v2\/product_tag?post=982"}],"curies":[{"name":"wp","href":"https:\/\/api.w.org\/{rel}","templated":true}]}}