{"id":976,"date":"2024-07-08T21:57:29","date_gmt":"2024-07-08T21:57:29","guid":{"rendered":"https:\/\/waifusonorense.com\/tienda\/?post_type=product&#038;p=976"},"modified":"2025-07-08T00:20:04","modified_gmt":"2025-07-08T00:20:04","slug":"black-clover-n-10-2","status":"publish","type":"product","link":"https:\/\/waifusonorense.com\/tienda\/product\/black-clover-n-10-2\/","title":{"rendered":"Black clover N.10"},"content":{"rendered":"","protected":false},"excerpt":{"rendered":"<p>Los brazos de Asta resultaron gravemente da\u00f1ados con magia negra antigua, motivo por el que se llena de desesperanza. Al enterarse, el Escuadr\u00f3n Toro Negro se propone encontrar una soluci\u00f3n y parten hacia el Bosque de las Brujas, lugar de origen de Vanessa. La Reina Bruja es experta en maldiciones, esp\u00edritus familiares y magia especial, as\u00ed que es la \u00fanica que puede curar los brazos de Asta, pero\u2026 \u00a1\u00bfa qu\u00e9 precio?!<\/p>\n","protected":false},"featured_media":1611,"comment_status":"open","ping_status":"closed","template":"","meta":{"_monsterinsights_skip_tracking":false,"_monsterinsights_sitenote_active":false,"_monsterinsights_sitenote_note":"","_monsterinsights_sitenote_category":0},"product_brand":[],"product_cat":[62,33],"product_tag":[63],"class_list":{"0":"post-976","1":"product","2":"type-product","3":"status-publish","4":"has-post-thumbnail","6":"product_cat-black-clover","7":"product_cat-mangas","8":"product_tag-black-clover","10":"first","11":"instock","12":"taxable","13":"shipping-taxable","14":"purchasable","15":"product-type-simple","16":"add-to-wishlist-after_add_to_cart"},"aioseo_notices":[],"_links":{"self":[{"href":"https:\/\/waifusonorense.com\/tienda\/wp-json\/wp\/v2\/product\/976","targetHints":{"allow":["GET"]}}],"collection":[{"href":"https:\/\/waifusonorense.com\/tienda\/wp-json\/wp\/v2\/product"}],"about":[{"href":"https:\/\/waifusonorense.com\/tienda\/wp-json\/wp\/v2\/types\/product"}],"replies":[{"embeddable":true,"href":"https:\/\/waifusonorense.com\/tienda\/wp-json\/wp\/v2\/comments?post=976"}],"wp:featuredmedia":[{"embeddable":true,"href":"https:\/\/waifusonorense.com\/tienda\/wp-json\/wp\/v2\/media\/1611"}],"wp:attachment":[{"href":"https:\/\/waifusonorense.com\/tienda\/wp-json\/wp\/v2\/media?parent=976"}],"wp:term":[{"taxonomy":"product_brand","embeddable":true,"href":"https:\/\/waifusonorense.com\/tienda\/wp-json\/wp\/v2\/product_brand?post=976"},{"taxonomy":"product_cat","embeddable":true,"href":"https:\/\/waifusonorense.com\/tienda\/wp-json\/wp\/v2\/product_cat?post=976"},{"taxonomy":"product_tag","embeddable":true,"href":"https:\/\/waifusonorense.com\/tienda\/wp-json\/wp\/v2\/product_tag?post=976"}],"curies":[{"name":"wp","href":"https:\/\/api.w.org\/{rel}","templated":true}]}}