{"id":973,"date":"2024-07-08T21:57:29","date_gmt":"2024-07-08T21:57:29","guid":{"rendered":"https:\/\/waifusonorense.com\/tienda\/?post_type=product&#038;p=973"},"modified":"2025-07-08T00:20:04","modified_gmt":"2025-07-08T00:20:04","slug":"black-clover-n-7-2","status":"publish","type":"product","link":"https:\/\/waifusonorense.com\/tienda\/product\/black-clover-n-7-2\/","title":{"rendered":"Black clover N.7"},"content":{"rendered":"","protected":false},"excerpt":{"rendered":"<p>Una traici\u00f3n del m\u00e1s alto nivel, una nueva amistad y un extra\u00f1o certamen llenan los d\u00edas de Asta. Luego de ayudar al Emperador M\u00e1gico a descubrir una impactante verdad acerca de uno de los capitanes de escuadr\u00f3n de los Caballeros M\u00e1gicos, los Toros Negros son enviados a una de las regiones de \u201cmagia poderosa\u201d para evitar que los enemigos del reino consigan las \u201cpiedras m\u00e1gicas\u201d. Se trata del Templo Bajo el Agua, un lugar especialmente peligroso. La antimagia de Asta y los poderes de Noelle resultan indispensables para esta misi\u00f3n, as\u00ed como ciertas caracter\u00edsticas que solo el escuadr\u00f3n liderado por Yami parece poseer. Entrar ciertamente no ser\u00e1 tarea f\u00e1cil, pero salir en una sola pieza\u2026 \u00a1quiz\u00e1 sea verdaderamente imposible!<\/p>\n","protected":false},"featured_media":1613,"comment_status":"open","ping_status":"closed","template":"","meta":{"_monsterinsights_skip_tracking":false,"_monsterinsights_sitenote_active":false,"_monsterinsights_sitenote_note":"","_monsterinsights_sitenote_category":0},"product_brand":[],"product_cat":[62,33],"product_tag":[63],"class_list":{"0":"post-973","1":"product","2":"type-product","3":"status-publish","4":"has-post-thumbnail","6":"product_cat-black-clover","7":"product_cat-mangas","8":"product_tag-black-clover","10":"first","11":"instock","12":"taxable","13":"shipping-taxable","14":"purchasable","15":"product-type-simple","16":"add-to-wishlist-after_add_to_cart"},"aioseo_notices":[],"_links":{"self":[{"href":"https:\/\/waifusonorense.com\/tienda\/wp-json\/wp\/v2\/product\/973","targetHints":{"allow":["GET"]}}],"collection":[{"href":"https:\/\/waifusonorense.com\/tienda\/wp-json\/wp\/v2\/product"}],"about":[{"href":"https:\/\/waifusonorense.com\/tienda\/wp-json\/wp\/v2\/types\/product"}],"replies":[{"embeddable":true,"href":"https:\/\/waifusonorense.com\/tienda\/wp-json\/wp\/v2\/comments?post=973"}],"wp:featuredmedia":[{"embeddable":true,"href":"https:\/\/waifusonorense.com\/tienda\/wp-json\/wp\/v2\/media\/1613"}],"wp:attachment":[{"href":"https:\/\/waifusonorense.com\/tienda\/wp-json\/wp\/v2\/media?parent=973"}],"wp:term":[{"taxonomy":"product_brand","embeddable":true,"href":"https:\/\/waifusonorense.com\/tienda\/wp-json\/wp\/v2\/product_brand?post=973"},{"taxonomy":"product_cat","embeddable":true,"href":"https:\/\/waifusonorense.com\/tienda\/wp-json\/wp\/v2\/product_cat?post=973"},{"taxonomy":"product_tag","embeddable":true,"href":"https:\/\/waifusonorense.com\/tienda\/wp-json\/wp\/v2\/product_tag?post=973"}],"curies":[{"name":"wp","href":"https:\/\/api.w.org\/{rel}","templated":true}]}}