{"id":966,"date":"2024-07-08T21:57:28","date_gmt":"2024-07-08T21:57:28","guid":{"rendered":"https:\/\/waifusonorense.com\/tienda\/?post_type=product&#038;p=966"},"modified":"2025-07-08T00:20:03","modified_gmt":"2025-07-08T00:20:03","slug":"beastars-n-21-2","status":"publish","type":"product","link":"https:\/\/waifusonorense.com\/tienda\/product\/beastars-n-21-2\/","title":{"rendered":"Beastars n. 21"},"content":{"rendered":"","protected":false},"excerpt":{"rendered":"<p>A la vez que Melon le da rienda suelta a su locura, tambi\u00e9n comienza la disputa territorial en el D\u00eda de la Carne. Cada organizaci\u00f3n criminal levanta sus respectivas antorchas, las cuales arden en llamas con la sangre de su propia especie. En ese momento un olor inusual se hace notar entre la vor\u00e1gine de fragancias: es algo que mezcla la sangre de un carn\u00edvoro y de un herb\u00edvoro por igual, y es nada menos que Legoshi quien sostiene la antorcha.<\/p>\n","protected":false},"featured_media":1555,"comment_status":"open","ping_status":"closed","template":"","meta":{"_monsterinsights_skip_tracking":false,"_monsterinsights_sitenote_active":false,"_monsterinsights_sitenote_note":"","_monsterinsights_sitenote_category":0},"product_brand":[],"product_cat":[60],"product_tag":[61],"class_list":{"0":"post-966","1":"product","2":"type-product","3":"status-publish","4":"has-post-thumbnail","6":"product_cat-beastars","7":"product_tag-beastars","9":"first","10":"instock","11":"taxable","12":"shipping-taxable","13":"purchasable","14":"product-type-simple","15":"add-to-wishlist-after_add_to_cart"},"aioseo_notices":[],"_links":{"self":[{"href":"https:\/\/waifusonorense.com\/tienda\/wp-json\/wp\/v2\/product\/966","targetHints":{"allow":["GET"]}}],"collection":[{"href":"https:\/\/waifusonorense.com\/tienda\/wp-json\/wp\/v2\/product"}],"about":[{"href":"https:\/\/waifusonorense.com\/tienda\/wp-json\/wp\/v2\/types\/product"}],"replies":[{"embeddable":true,"href":"https:\/\/waifusonorense.com\/tienda\/wp-json\/wp\/v2\/comments?post=966"}],"wp:featuredmedia":[{"embeddable":true,"href":"https:\/\/waifusonorense.com\/tienda\/wp-json\/wp\/v2\/media\/1555"}],"wp:attachment":[{"href":"https:\/\/waifusonorense.com\/tienda\/wp-json\/wp\/v2\/media?parent=966"}],"wp:term":[{"taxonomy":"product_brand","embeddable":true,"href":"https:\/\/waifusonorense.com\/tienda\/wp-json\/wp\/v2\/product_brand?post=966"},{"taxonomy":"product_cat","embeddable":true,"href":"https:\/\/waifusonorense.com\/tienda\/wp-json\/wp\/v2\/product_cat?post=966"},{"taxonomy":"product_tag","embeddable":true,"href":"https:\/\/waifusonorense.com\/tienda\/wp-json\/wp\/v2\/product_tag?post=966"}],"curies":[{"name":"wp","href":"https:\/\/api.w.org\/{rel}","templated":true}]}}