{"id":964,"date":"2024-07-08T21:57:28","date_gmt":"2024-07-08T21:57:28","guid":{"rendered":"https:\/\/waifusonorense.com\/tienda\/?post_type=product&#038;p=964"},"modified":"2025-07-08T00:20:03","modified_gmt":"2025-07-08T00:20:03","slug":"beastars-n-19-2","status":"publish","type":"product","link":"https:\/\/waifusonorense.com\/tienda\/product\/beastars-n-19-2\/","title":{"rendered":"Beastars n. 19"},"content":{"rendered":"","protected":false},"excerpt":{"rendered":"<p>Kyuu, una conejita, es la antigua compa\u00f1era de celda de Louis. Dada su habilidad en combate, Legoshi le pide que lo entrene para enfrentarse a Melon en una pelea final y decisiva. Si bien Kyuu lo rechaza al principio, despu\u00e9s ocurre algo que hace que cambie de opini\u00f3n y decida ayudarlo. Mientras tanto, desde que ocurri\u00f3 aquella tragedia en el mercado clandestino en el \u201cD\u00eda de la Carne\u201d, varios cambios comenzaron a gestarse en la relaci\u00f3n de poder entre Melon y el Shishi-Gumi.<\/p>\n","protected":false},"featured_media":1557,"comment_status":"open","ping_status":"closed","template":"","meta":{"_monsterinsights_skip_tracking":false,"_monsterinsights_sitenote_active":false,"_monsterinsights_sitenote_note":"","_monsterinsights_sitenote_category":0},"product_brand":[],"product_cat":[60],"product_tag":[61],"class_list":{"0":"post-964","1":"product","2":"type-product","3":"status-publish","4":"has-post-thumbnail","6":"product_cat-beastars","7":"product_tag-beastars","9":"first","10":"instock","11":"taxable","12":"shipping-taxable","13":"purchasable","14":"product-type-simple","15":"add-to-wishlist-after_add_to_cart"},"aioseo_notices":[],"_links":{"self":[{"href":"https:\/\/waifusonorense.com\/tienda\/wp-json\/wp\/v2\/product\/964","targetHints":{"allow":["GET"]}}],"collection":[{"href":"https:\/\/waifusonorense.com\/tienda\/wp-json\/wp\/v2\/product"}],"about":[{"href":"https:\/\/waifusonorense.com\/tienda\/wp-json\/wp\/v2\/types\/product"}],"replies":[{"embeddable":true,"href":"https:\/\/waifusonorense.com\/tienda\/wp-json\/wp\/v2\/comments?post=964"}],"wp:featuredmedia":[{"embeddable":true,"href":"https:\/\/waifusonorense.com\/tienda\/wp-json\/wp\/v2\/media\/1557"}],"wp:attachment":[{"href":"https:\/\/waifusonorense.com\/tienda\/wp-json\/wp\/v2\/media?parent=964"}],"wp:term":[{"taxonomy":"product_brand","embeddable":true,"href":"https:\/\/waifusonorense.com\/tienda\/wp-json\/wp\/v2\/product_brand?post=964"},{"taxonomy":"product_cat","embeddable":true,"href":"https:\/\/waifusonorense.com\/tienda\/wp-json\/wp\/v2\/product_cat?post=964"},{"taxonomy":"product_tag","embeddable":true,"href":"https:\/\/waifusonorense.com\/tienda\/wp-json\/wp\/v2\/product_tag?post=964"}],"curies":[{"name":"wp","href":"https:\/\/api.w.org\/{rel}","templated":true}]}}