{"id":959,"date":"2024-07-08T21:57:28","date_gmt":"2024-07-08T21:57:28","guid":{"rendered":"https:\/\/waifusonorense.com\/tienda\/?post_type=product&#038;p=959"},"modified":"2025-07-08T00:20:03","modified_gmt":"2025-07-08T00:20:03","slug":"beastars-n-14-2","status":"publish","type":"product","link":"https:\/\/waifusonorense.com\/tienda\/product\/beastars-n-14-2\/","title":{"rendered":"Beastars n. 14"},"content":{"rendered":"","protected":false},"excerpt":{"rendered":"<p>El beastars Yahya convoca a Legoshi a una reuni\u00f3n en lo alto del edificio de la polic\u00eda.Legoshi sabeque hay gato encerrado, pero aun as\u00ed cumple con su cita sin saber queperder\u00e1 algo muy valioso para los lobos como \u00e9l. D\u00edas despu\u00e9s, Legoshi no tienetiempo para lamentarse por lo ocurrido con Yahya, porque se re\u00fane con sus amigosc\u00e1nidos y, adem\u00e1s, \u00a1tiene la oportunidad de aclarar todo con la chica que ha sido elamor de su vida!<\/p>\n","protected":false},"featured_media":1547,"comment_status":"open","ping_status":"closed","template":"","meta":{"_monsterinsights_skip_tracking":false,"_monsterinsights_sitenote_active":false,"_monsterinsights_sitenote_note":"","_monsterinsights_sitenote_category":0},"product_brand":[],"product_cat":[60],"product_tag":[61],"class_list":{"0":"post-959","1":"product","2":"type-product","3":"status-publish","4":"has-post-thumbnail","6":"product_cat-beastars","7":"product_tag-beastars","9":"first","10":"instock","11":"taxable","12":"shipping-taxable","13":"purchasable","14":"product-type-simple","15":"add-to-wishlist-after_add_to_cart"},"aioseo_notices":[],"_links":{"self":[{"href":"https:\/\/waifusonorense.com\/tienda\/wp-json\/wp\/v2\/product\/959","targetHints":{"allow":["GET"]}}],"collection":[{"href":"https:\/\/waifusonorense.com\/tienda\/wp-json\/wp\/v2\/product"}],"about":[{"href":"https:\/\/waifusonorense.com\/tienda\/wp-json\/wp\/v2\/types\/product"}],"replies":[{"embeddable":true,"href":"https:\/\/waifusonorense.com\/tienda\/wp-json\/wp\/v2\/comments?post=959"}],"wp:featuredmedia":[{"embeddable":true,"href":"https:\/\/waifusonorense.com\/tienda\/wp-json\/wp\/v2\/media\/1547"}],"wp:attachment":[{"href":"https:\/\/waifusonorense.com\/tienda\/wp-json\/wp\/v2\/media?parent=959"}],"wp:term":[{"taxonomy":"product_brand","embeddable":true,"href":"https:\/\/waifusonorense.com\/tienda\/wp-json\/wp\/v2\/product_brand?post=959"},{"taxonomy":"product_cat","embeddable":true,"href":"https:\/\/waifusonorense.com\/tienda\/wp-json\/wp\/v2\/product_cat?post=959"},{"taxonomy":"product_tag","embeddable":true,"href":"https:\/\/waifusonorense.com\/tienda\/wp-json\/wp\/v2\/product_tag?post=959"}],"curies":[{"name":"wp","href":"https:\/\/api.w.org\/{rel}","templated":true}]}}