{"id":952,"date":"2024-07-08T21:57:28","date_gmt":"2024-07-08T21:57:28","guid":{"rendered":"https:\/\/waifusonorense.com\/tienda\/?post_type=product&#038;p=952"},"modified":"2025-07-08T00:20:02","modified_gmt":"2025-07-08T00:20:02","slug":"beastars-n-7-2","status":"publish","type":"product","link":"https:\/\/waifusonorense.com\/tienda\/product\/beastars-n-7-2\/","title":{"rendered":"Beastars n. 7"},"content":{"rendered":"","protected":false},"excerpt":{"rendered":"<p>Legoshi, nuestro protagonista, jura volverse fuerte para hacer feliz a Haru. Louis, por su lado, asciende hasta convertirse en jefe de la Shishi-Gumi y as\u00ed dirigir el mercado clandestino. En la Academia Cherryton soplan vientos de cambio. Lleg\u00f3 el momento de que el Concejo General de Organismos elija a su BEASTAR tras cinco a\u00f1os de ausencia. Mientras el mundo ruge sin parar, \u00a1una sombra siniestra acecha a Legoshi!<\/p>\n","protected":false},"featured_media":1550,"comment_status":"open","ping_status":"closed","template":"","meta":{"_monsterinsights_skip_tracking":false,"_monsterinsights_sitenote_active":false,"_monsterinsights_sitenote_note":"","_monsterinsights_sitenote_category":0},"product_brand":[],"product_cat":[60],"product_tag":[61],"class_list":{"0":"post-952","1":"product","2":"type-product","3":"status-publish","4":"has-post-thumbnail","6":"product_cat-beastars","7":"product_tag-beastars","9":"first","10":"instock","11":"taxable","12":"shipping-taxable","13":"purchasable","14":"product-type-simple","15":"add-to-wishlist-after_add_to_cart"},"aioseo_notices":[],"_links":{"self":[{"href":"https:\/\/waifusonorense.com\/tienda\/wp-json\/wp\/v2\/product\/952","targetHints":{"allow":["GET"]}}],"collection":[{"href":"https:\/\/waifusonorense.com\/tienda\/wp-json\/wp\/v2\/product"}],"about":[{"href":"https:\/\/waifusonorense.com\/tienda\/wp-json\/wp\/v2\/types\/product"}],"replies":[{"embeddable":true,"href":"https:\/\/waifusonorense.com\/tienda\/wp-json\/wp\/v2\/comments?post=952"}],"wp:featuredmedia":[{"embeddable":true,"href":"https:\/\/waifusonorense.com\/tienda\/wp-json\/wp\/v2\/media\/1550"}],"wp:attachment":[{"href":"https:\/\/waifusonorense.com\/tienda\/wp-json\/wp\/v2\/media?parent=952"}],"wp:term":[{"taxonomy":"product_brand","embeddable":true,"href":"https:\/\/waifusonorense.com\/tienda\/wp-json\/wp\/v2\/product_brand?post=952"},{"taxonomy":"product_cat","embeddable":true,"href":"https:\/\/waifusonorense.com\/tienda\/wp-json\/wp\/v2\/product_cat?post=952"},{"taxonomy":"product_tag","embeddable":true,"href":"https:\/\/waifusonorense.com\/tienda\/wp-json\/wp\/v2\/product_tag?post=952"}],"curies":[{"name":"wp","href":"https:\/\/api.w.org\/{rel}","templated":true}]}}