{"id":951,"date":"2024-07-08T21:57:28","date_gmt":"2024-07-08T21:57:28","guid":{"rendered":"https:\/\/waifusonorense.com\/tienda\/?post_type=product&#038;p=951"},"modified":"2025-07-08T00:20:02","modified_gmt":"2025-07-08T00:20:02","slug":"beastars-n-6-2","status":"publish","type":"product","link":"https:\/\/waifusonorense.com\/tienda\/product\/beastars-n-6-2\/","title":{"rendered":"Beastars n. 6"},"content":{"rendered":"","protected":false},"excerpt":{"rendered":"<p>Tras la pelea encarnizada con los carn\u00edvoros de Shishi-Gumi, Legoshi y Haru no llegan a tiempo para abordar el \u00faltimo tren de regreso a la Academia Cherryton y deciden alojarse en un hotel. Al estar solos, Legoshi confiesa que estuvo a punto de devorarla. Mientras tanto, Louis se encuentra rodeado por los m\u00e1s temibles carn\u00edvoros y se enfrenta con el l\u00edder, \u00bflograr\u00e1 escapar?<\/p>\n","protected":false},"featured_media":1551,"comment_status":"open","ping_status":"closed","template":"","meta":{"_monsterinsights_skip_tracking":false,"_monsterinsights_sitenote_active":false,"_monsterinsights_sitenote_note":"","_monsterinsights_sitenote_category":0},"product_brand":[],"product_cat":[60],"product_tag":[61],"class_list":{"0":"post-951","1":"product","2":"type-product","3":"status-publish","4":"has-post-thumbnail","6":"product_cat-beastars","7":"product_tag-beastars","9":"first","10":"instock","11":"taxable","12":"shipping-taxable","13":"purchasable","14":"product-type-simple","15":"add-to-wishlist-after_add_to_cart"},"aioseo_notices":[],"_links":{"self":[{"href":"https:\/\/waifusonorense.com\/tienda\/wp-json\/wp\/v2\/product\/951","targetHints":{"allow":["GET"]}}],"collection":[{"href":"https:\/\/waifusonorense.com\/tienda\/wp-json\/wp\/v2\/product"}],"about":[{"href":"https:\/\/waifusonorense.com\/tienda\/wp-json\/wp\/v2\/types\/product"}],"replies":[{"embeddable":true,"href":"https:\/\/waifusonorense.com\/tienda\/wp-json\/wp\/v2\/comments?post=951"}],"wp:featuredmedia":[{"embeddable":true,"href":"https:\/\/waifusonorense.com\/tienda\/wp-json\/wp\/v2\/media\/1551"}],"wp:attachment":[{"href":"https:\/\/waifusonorense.com\/tienda\/wp-json\/wp\/v2\/media?parent=951"}],"wp:term":[{"taxonomy":"product_brand","embeddable":true,"href":"https:\/\/waifusonorense.com\/tienda\/wp-json\/wp\/v2\/product_brand?post=951"},{"taxonomy":"product_cat","embeddable":true,"href":"https:\/\/waifusonorense.com\/tienda\/wp-json\/wp\/v2\/product_cat?post=951"},{"taxonomy":"product_tag","embeddable":true,"href":"https:\/\/waifusonorense.com\/tienda\/wp-json\/wp\/v2\/product_tag?post=951"}],"curies":[{"name":"wp","href":"https:\/\/api.w.org\/{rel}","templated":true}]}}