{"id":938,"date":"2024-07-08T21:57:12","date_gmt":"2024-07-08T21:57:12","guid":{"rendered":"https:\/\/waifusonorense.com\/tienda\/?post_type=product&#038;p=938"},"modified":"2025-07-08T00:20:01","modified_gmt":"2025-07-08T00:20:01","slug":"ataque-de-los-titanes-n-27-2","status":"publish","type":"product","link":"https:\/\/waifusonorense.com\/tienda\/product\/ataque-de-los-titanes-n-27-2\/","title":{"rendered":"Ataque de los titanes n. 27"},"content":{"rendered":"","protected":false},"excerpt":{"rendered":"<p>Esta entrega ser\u00e1 reveladora en muchos sentidos: conoceremos a los habitantes de Hizuru y a algunos integrantes del Clan Asi\u00e1tico; seremos testigos de lo ocurrido desde que la verdad del mundo fue revelada hasta que Eren parti\u00f3 a infiltrarse a Marley y los motivos de la traici\u00f3n de Zeke saldr\u00e1n a la luz\u2026 pero lo verdaderamente perturbador es el presente: al parecer hay traidores en el Cuerpo de Investigaci\u00f3n y existe una conspiraci\u00f3n para que Eren trabaje en conjunto con Zeke en pos de un objetivo que solo ellos conocen&#8230;<\/p>\n","protected":false},"featured_media":759,"comment_status":"open","ping_status":"closed","template":"","meta":{"_monsterinsights_skip_tracking":false,"_monsterinsights_sitenote_active":false,"_monsterinsights_sitenote_note":"","_monsterinsights_sitenote_category":0},"product_brand":[],"product_cat":[57,33],"product_tag":[58,59],"class_list":{"0":"post-938","1":"product","2":"type-product","3":"status-publish","4":"has-post-thumbnail","6":"product_cat-ataque-de-los-titanes","7":"product_cat-mangas","8":"product_tag-ataque-de-los-titanes","9":"product_tag-shingeki-no-kyojin","11":"first","12":"instock","13":"taxable","14":"shipping-taxable","15":"purchasable","16":"product-type-simple","17":"add-to-wishlist-after_add_to_cart"},"aioseo_notices":[],"_links":{"self":[{"href":"https:\/\/waifusonorense.com\/tienda\/wp-json\/wp\/v2\/product\/938","targetHints":{"allow":["GET"]}}],"collection":[{"href":"https:\/\/waifusonorense.com\/tienda\/wp-json\/wp\/v2\/product"}],"about":[{"href":"https:\/\/waifusonorense.com\/tienda\/wp-json\/wp\/v2\/types\/product"}],"replies":[{"embeddable":true,"href":"https:\/\/waifusonorense.com\/tienda\/wp-json\/wp\/v2\/comments?post=938"}],"wp:featuredmedia":[{"embeddable":true,"href":"https:\/\/waifusonorense.com\/tienda\/wp-json\/wp\/v2\/media\/759"}],"wp:attachment":[{"href":"https:\/\/waifusonorense.com\/tienda\/wp-json\/wp\/v2\/media?parent=938"}],"wp:term":[{"taxonomy":"product_brand","embeddable":true,"href":"https:\/\/waifusonorense.com\/tienda\/wp-json\/wp\/v2\/product_brand?post=938"},{"taxonomy":"product_cat","embeddable":true,"href":"https:\/\/waifusonorense.com\/tienda\/wp-json\/wp\/v2\/product_cat?post=938"},{"taxonomy":"product_tag","embeddable":true,"href":"https:\/\/waifusonorense.com\/tienda\/wp-json\/wp\/v2\/product_tag?post=938"}],"curies":[{"name":"wp","href":"https:\/\/api.w.org\/{rel}","templated":true}]}}