{"id":935,"date":"2024-07-08T21:57:11","date_gmt":"2024-07-08T21:57:11","guid":{"rendered":"https:\/\/waifusonorense.com\/tienda\/?post_type=product&#038;p=935"},"modified":"2025-07-08T00:20:01","modified_gmt":"2025-07-08T00:20:01","slug":"ataque-de-los-titanes-n-24","status":"publish","type":"product","link":"https:\/\/waifusonorense.com\/tienda\/product\/ataque-de-los-titanes-n-24\/","title":{"rendered":"Ataque de los titanes n. 24"},"content":{"rendered":"","protected":false},"excerpt":{"rendered":"<p>Al exterior de la isla de Paradis en donde vive Eren, hay un extenso mundo en el que viven otros humanos. Ah\u00ed existe un pa\u00eds llamado Marley que esta en constante lucha contra otros pa\u00edses. Mientras la ardua batalla se intensifica, se renueva su decisi\u00f3n de atacar la isla de Paradis y obtener al Tit\u00e1n Primigenio. Una vez m\u00e1s se observa la figura de los ni\u00f1os que luchan desesperadamente por sobrevivir.<\/p>\n","protected":false},"featured_media":753,"comment_status":"open","ping_status":"closed","template":"","meta":{"_monsterinsights_skip_tracking":false,"_monsterinsights_sitenote_active":false,"_monsterinsights_sitenote_note":"","_monsterinsights_sitenote_category":0},"product_brand":[],"product_cat":[57,33],"product_tag":[58,59],"class_list":{"0":"post-935","1":"product","2":"type-product","3":"status-publish","4":"has-post-thumbnail","6":"product_cat-ataque-de-los-titanes","7":"product_cat-mangas","8":"product_tag-ataque-de-los-titanes","9":"product_tag-shingeki-no-kyojin","11":"first","12":"instock","13":"taxable","14":"shipping-taxable","15":"purchasable","16":"product-type-simple","17":"add-to-wishlist-after_add_to_cart"},"aioseo_notices":[],"_links":{"self":[{"href":"https:\/\/waifusonorense.com\/tienda\/wp-json\/wp\/v2\/product\/935","targetHints":{"allow":["GET"]}}],"collection":[{"href":"https:\/\/waifusonorense.com\/tienda\/wp-json\/wp\/v2\/product"}],"about":[{"href":"https:\/\/waifusonorense.com\/tienda\/wp-json\/wp\/v2\/types\/product"}],"replies":[{"embeddable":true,"href":"https:\/\/waifusonorense.com\/tienda\/wp-json\/wp\/v2\/comments?post=935"}],"wp:featuredmedia":[{"embeddable":true,"href":"https:\/\/waifusonorense.com\/tienda\/wp-json\/wp\/v2\/media\/753"}],"wp:attachment":[{"href":"https:\/\/waifusonorense.com\/tienda\/wp-json\/wp\/v2\/media?parent=935"}],"wp:term":[{"taxonomy":"product_brand","embeddable":true,"href":"https:\/\/waifusonorense.com\/tienda\/wp-json\/wp\/v2\/product_brand?post=935"},{"taxonomy":"product_cat","embeddable":true,"href":"https:\/\/waifusonorense.com\/tienda\/wp-json\/wp\/v2\/product_cat?post=935"},{"taxonomy":"product_tag","embeddable":true,"href":"https:\/\/waifusonorense.com\/tienda\/wp-json\/wp\/v2\/product_tag?post=935"}],"curies":[{"name":"wp","href":"https:\/\/api.w.org\/{rel}","templated":true}]}}