{"id":932,"date":"2024-07-08T21:57:11","date_gmt":"2024-07-08T21:57:11","guid":{"rendered":"https:\/\/waifusonorense.com\/tienda\/?post_type=product&#038;p=932"},"modified":"2025-07-08T00:20:01","modified_gmt":"2025-07-08T00:20:01","slug":"ataque-de-los-titanes-n-21","status":"publish","type":"product","link":"https:\/\/waifusonorense.com\/tienda\/product\/ataque-de-los-titanes-n-21\/","title":{"rendered":"Ataque de los titanes n. 21"},"content":{"rendered":"","protected":false},"excerpt":{"rendered":"<p>La batalla entre el Cuerpo de Investigaci\u00f3n, Reiner, Bertholdt y el Tit\u00e1n Bestial llega a un punto cr\u00edtico. Erwin y Armin ponen su vida en la l\u00ednea para que Levi y Eren derroten a sus enemigos. \u00a1\u00bfQu\u00e9 har\u00e1n los dem\u00e1s por aquellos que se sacrificaron?!<\/p>\n","protected":false},"featured_media":747,"comment_status":"open","ping_status":"closed","template":"","meta":{"_monsterinsights_skip_tracking":false,"_monsterinsights_sitenote_active":false,"_monsterinsights_sitenote_note":"","_monsterinsights_sitenote_category":0},"product_brand":[],"product_cat":[57,33],"product_tag":[58,59],"class_list":{"0":"post-932","1":"product","2":"type-product","3":"status-publish","4":"has-post-thumbnail","6":"product_cat-ataque-de-los-titanes","7":"product_cat-mangas","8":"product_tag-ataque-de-los-titanes","9":"product_tag-shingeki-no-kyojin","11":"first","12":"instock","13":"taxable","14":"shipping-taxable","15":"purchasable","16":"product-type-simple","17":"add-to-wishlist-after_add_to_cart"},"aioseo_notices":[],"_links":{"self":[{"href":"https:\/\/waifusonorense.com\/tienda\/wp-json\/wp\/v2\/product\/932","targetHints":{"allow":["GET"]}}],"collection":[{"href":"https:\/\/waifusonorense.com\/tienda\/wp-json\/wp\/v2\/product"}],"about":[{"href":"https:\/\/waifusonorense.com\/tienda\/wp-json\/wp\/v2\/types\/product"}],"replies":[{"embeddable":true,"href":"https:\/\/waifusonorense.com\/tienda\/wp-json\/wp\/v2\/comments?post=932"}],"wp:featuredmedia":[{"embeddable":true,"href":"https:\/\/waifusonorense.com\/tienda\/wp-json\/wp\/v2\/media\/747"}],"wp:attachment":[{"href":"https:\/\/waifusonorense.com\/tienda\/wp-json\/wp\/v2\/media?parent=932"}],"wp:term":[{"taxonomy":"product_brand","embeddable":true,"href":"https:\/\/waifusonorense.com\/tienda\/wp-json\/wp\/v2\/product_brand?post=932"},{"taxonomy":"product_cat","embeddable":true,"href":"https:\/\/waifusonorense.com\/tienda\/wp-json\/wp\/v2\/product_cat?post=932"},{"taxonomy":"product_tag","embeddable":true,"href":"https:\/\/waifusonorense.com\/tienda\/wp-json\/wp\/v2\/product_tag?post=932"}],"curies":[{"name":"wp","href":"https:\/\/api.w.org\/{rel}","templated":true}]}}