{"id":2078,"date":"2024-07-10T20:20:37","date_gmt":"2024-07-10T20:20:37","guid":{"rendered":"https:\/\/waifusonorense.com\/tienda\/?post_type=product&#038;p=2078"},"modified":"2025-07-08T00:21:40","modified_gmt":"2025-07-08T00:21:40","slug":"komi-cant-communicate-n-20","status":"publish","type":"product","link":"https:\/\/waifusonorense.com\/tienda\/product\/komi-cant-communicate-n-20\/","title":{"rendered":"Komi Can&#8217;t Communicate  N.20"},"content":{"rendered":"","protected":false},"excerpt":{"rendered":"<p>Llegan las vacaciones de invierno de segundo a\u00f1o y la vida escolar de Komi-san dar\u00e1 un giro antes de que se percate. Mientras tanto, se embarcan en un viaje de snowboard organizado por Manbagi-san. La interacci\u00f3n con los nuevos amigos hace que se olviden del fr\u00edo. Komi-san se esfuerza por dar un regalo de agradecimiento por el que recibi\u00f3 en Navidad,y habr\u00e1 una charla de amor entre chicas antes del fin de a\u00f1o. \u00a1Las historias se acumulan durante las vacaciones de invierno del segundo curso! El tomo 20 de la comedia de la chica hermosa con ansiedad social que no cesa de pensar en cierta persona, y cuyos sentimientos se cruzan con los de alguien m\u00e1s.<\/p>\n","protected":false},"featured_media":2226,"comment_status":"open","ping_status":"closed","template":"","meta":{"_monsterinsights_skip_tracking":false,"_monsterinsights_sitenote_active":false,"_monsterinsights_sitenote_note":"","_monsterinsights_sitenote_category":0},"product_brand":[],"product_cat":[107,33],"product_tag":[108],"class_list":{"0":"post-2078","1":"product","2":"type-product","3":"status-publish","4":"has-post-thumbnail","6":"product_cat-komi-cant-communicate","7":"product_cat-mangas","8":"product_tag-komi-cant-communicate","10":"first","11":"instock","12":"taxable","13":"shipping-taxable","14":"purchasable","15":"product-type-simple","16":"add-to-wishlist-after_add_to_cart"},"aioseo_notices":[],"_links":{"self":[{"href":"https:\/\/waifusonorense.com\/tienda\/wp-json\/wp\/v2\/product\/2078","targetHints":{"allow":["GET"]}}],"collection":[{"href":"https:\/\/waifusonorense.com\/tienda\/wp-json\/wp\/v2\/product"}],"about":[{"href":"https:\/\/waifusonorense.com\/tienda\/wp-json\/wp\/v2\/types\/product"}],"replies":[{"embeddable":true,"href":"https:\/\/waifusonorense.com\/tienda\/wp-json\/wp\/v2\/comments?post=2078"}],"wp:featuredmedia":[{"embeddable":true,"href":"https:\/\/waifusonorense.com\/tienda\/wp-json\/wp\/v2\/media\/2226"}],"wp:attachment":[{"href":"https:\/\/waifusonorense.com\/tienda\/wp-json\/wp\/v2\/media?parent=2078"}],"wp:term":[{"taxonomy":"product_brand","embeddable":true,"href":"https:\/\/waifusonorense.com\/tienda\/wp-json\/wp\/v2\/product_brand?post=2078"},{"taxonomy":"product_cat","embeddable":true,"href":"https:\/\/waifusonorense.com\/tienda\/wp-json\/wp\/v2\/product_cat?post=2078"},{"taxonomy":"product_tag","embeddable":true,"href":"https:\/\/waifusonorense.com\/tienda\/wp-json\/wp\/v2\/product_tag?post=2078"}],"curies":[{"name":"wp","href":"https:\/\/api.w.org\/{rel}","templated":true}]}}