{"id":2076,"date":"2024-07-10T20:20:35","date_gmt":"2024-07-10T20:20:35","guid":{"rendered":"https:\/\/waifusonorense.com\/tienda\/?post_type=product&#038;p=2076"},"modified":"2025-07-08T00:21:39","modified_gmt":"2025-07-08T00:21:39","slug":"komi-cant-communicate-n-18","status":"publish","type":"product","link":"https:\/\/waifusonorense.com\/tienda\/product\/komi-cant-communicate-n-18\/","title":{"rendered":"Komi Can&#8217;t Communicate  N.18"},"content":{"rendered":"","protected":false},"excerpt":{"rendered":"<p>Despu\u00e9s del Festival Cultural, la vida de Komi-san y sus amigos vuelve a la normalidad. Los d\u00edas cotidianos parecen estar revestidos de misterios y colorido. Todo marcha hacia adelante: la relaci\u00f3n con amigos, padres y los sufrimientos amororos. Y los deseos tanto de Komi-san como de Manbagi-san de comunicar sus emociones comienzan a poner ciertas cosas en movimiento.<\/p>\n","protected":false},"featured_media":2227,"comment_status":"open","ping_status":"closed","template":"","meta":{"_monsterinsights_skip_tracking":false,"_monsterinsights_sitenote_active":false,"_monsterinsights_sitenote_note":"","_monsterinsights_sitenote_category":0},"product_brand":[],"product_cat":[107,33],"product_tag":[108],"class_list":{"0":"post-2076","1":"product","2":"type-product","3":"status-publish","4":"has-post-thumbnail","6":"product_cat-komi-cant-communicate","7":"product_cat-mangas","8":"product_tag-komi-cant-communicate","10":"first","11":"instock","12":"taxable","13":"shipping-taxable","14":"purchasable","15":"product-type-simple","16":"add-to-wishlist-after_add_to_cart"},"aioseo_notices":[],"_links":{"self":[{"href":"https:\/\/waifusonorense.com\/tienda\/wp-json\/wp\/v2\/product\/2076","targetHints":{"allow":["GET"]}}],"collection":[{"href":"https:\/\/waifusonorense.com\/tienda\/wp-json\/wp\/v2\/product"}],"about":[{"href":"https:\/\/waifusonorense.com\/tienda\/wp-json\/wp\/v2\/types\/product"}],"replies":[{"embeddable":true,"href":"https:\/\/waifusonorense.com\/tienda\/wp-json\/wp\/v2\/comments?post=2076"}],"wp:featuredmedia":[{"embeddable":true,"href":"https:\/\/waifusonorense.com\/tienda\/wp-json\/wp\/v2\/media\/2227"}],"wp:attachment":[{"href":"https:\/\/waifusonorense.com\/tienda\/wp-json\/wp\/v2\/media?parent=2076"}],"wp:term":[{"taxonomy":"product_brand","embeddable":true,"href":"https:\/\/waifusonorense.com\/tienda\/wp-json\/wp\/v2\/product_brand?post=2076"},{"taxonomy":"product_cat","embeddable":true,"href":"https:\/\/waifusonorense.com\/tienda\/wp-json\/wp\/v2\/product_cat?post=2076"},{"taxonomy":"product_tag","embeddable":true,"href":"https:\/\/waifusonorense.com\/tienda\/wp-json\/wp\/v2\/product_tag?post=2076"}],"curies":[{"name":"wp","href":"https:\/\/api.w.org\/{rel}","templated":true}]}}