{"id":1635,"date":"2024-07-10T20:07:59","date_gmt":"2024-07-10T20:07:59","guid":{"rendered":"https:\/\/waifusonorense.com\/tienda\/product\/dragon-ball-n-37\/"},"modified":"2025-07-08T00:20:43","modified_gmt":"2025-07-08T00:20:43","slug":"dragon-ball-n-37","status":"publish","type":"product","link":"https:\/\/waifusonorense.com\/tienda\/product\/dragon-ball-n-37\/","title":{"rendered":"DRAGON BALL N.37"},"content":{"rendered":"","protected":false},"excerpt":{"rendered":"<p>Goku y compa\u00f1\u00eda est\u00e1n listos para participar una vez m\u00e1s en el Torneo Mundial de las Artes Marciales. Sin embargo, algunos de los participantes de este certamen les deparan sorpresas. Antiguos adversarios, como Mighty Mask y Spopovich, parecen haber cambiado radicalmente; y los enigm\u00e1ticos combatientes Shin y Kibito est\u00e1n a punto de dar informaci\u00f3n vital a los guerreros.<\/p>\n","protected":false},"featured_media":2267,"comment_status":"open","ping_status":"closed","template":"","meta":{"_monsterinsights_skip_tracking":false,"_monsterinsights_sitenote_active":false,"_monsterinsights_sitenote_note":"","_monsterinsights_sitenote_category":0},"product_brand":[],"product_cat":[83,33],"product_tag":[84],"class_list":{"0":"post-1635","1":"product","2":"type-product","3":"status-publish","4":"has-post-thumbnail","6":"product_cat-dragon-ball","7":"product_cat-mangas","8":"product_tag-dragon-ball","10":"first","11":"instock","12":"taxable","13":"shipping-taxable","14":"purchasable","15":"product-type-simple","16":"add-to-wishlist-after_add_to_cart"},"aioseo_notices":[],"_links":{"self":[{"href":"https:\/\/waifusonorense.com\/tienda\/wp-json\/wp\/v2\/product\/1635","targetHints":{"allow":["GET"]}}],"collection":[{"href":"https:\/\/waifusonorense.com\/tienda\/wp-json\/wp\/v2\/product"}],"about":[{"href":"https:\/\/waifusonorense.com\/tienda\/wp-json\/wp\/v2\/types\/product"}],"replies":[{"embeddable":true,"href":"https:\/\/waifusonorense.com\/tienda\/wp-json\/wp\/v2\/comments?post=1635"}],"wp:featuredmedia":[{"embeddable":true,"href":"https:\/\/waifusonorense.com\/tienda\/wp-json\/wp\/v2\/media\/2267"}],"wp:attachment":[{"href":"https:\/\/waifusonorense.com\/tienda\/wp-json\/wp\/v2\/media?parent=1635"}],"wp:term":[{"taxonomy":"product_brand","embeddable":true,"href":"https:\/\/waifusonorense.com\/tienda\/wp-json\/wp\/v2\/product_brand?post=1635"},{"taxonomy":"product_cat","embeddable":true,"href":"https:\/\/waifusonorense.com\/tienda\/wp-json\/wp\/v2\/product_cat?post=1635"},{"taxonomy":"product_tag","embeddable":true,"href":"https:\/\/waifusonorense.com\/tienda\/wp-json\/wp\/v2\/product_tag?post=1635"}],"curies":[{"name":"wp","href":"https:\/\/api.w.org\/{rel}","templated":true}]}}