{"id":1630,"date":"2024-07-10T20:07:58","date_gmt":"2024-07-10T20:07:58","guid":{"rendered":"https:\/\/waifusonorense.com\/tienda\/product\/dragon-ball-n-32\/"},"modified":"2025-07-08T00:20:43","modified_gmt":"2025-07-08T00:20:43","slug":"dragon-ball-n-32","status":"publish","type":"product","link":"https:\/\/waifusonorense.com\/tienda\/product\/dragon-ball-n-32\/","title":{"rendered":"DRAGON BALL N.32"},"content":{"rendered":"","protected":false},"excerpt":{"rendered":"<p>Despu\u00e9s de la veloz intervenci\u00f3n de Goku, Cell le concedi\u00f3 a los guerreros un d\u00eda m\u00e1s antes de la gran batalla, y continu\u00f3 su b\u00fasqueda tras el androide # 18. Mientras tanto, Trunks y Vegeta al fin salieron de la Habitaci\u00f3n del Esp\u00edritu y el Tiempo y ahora es el turno de Goku y Gohan. El objetivo de Goku no s\u00f3lo es mejorar sus habilidades, sino entrenar a Gohan para que \u00e9l tambi\u00e9n se convierta en s\u00faper saiyajin y logre superarlo. \u00a1La carrera contra el tiempo corre y Cell ya comenz\u00f3 a destruir la Tierra!<\/p>\n","protected":false},"featured_media":2271,"comment_status":"open","ping_status":"closed","template":"","meta":{"_monsterinsights_skip_tracking":false,"_monsterinsights_sitenote_active":false,"_monsterinsights_sitenote_note":"","_monsterinsights_sitenote_category":0},"product_brand":[],"product_cat":[83,33],"product_tag":[84],"class_list":{"0":"post-1630","1":"product","2":"type-product","3":"status-publish","4":"has-post-thumbnail","6":"product_cat-dragon-ball","7":"product_cat-mangas","8":"product_tag-dragon-ball","10":"first","11":"instock","12":"taxable","13":"shipping-taxable","14":"purchasable","15":"product-type-simple","16":"add-to-wishlist-after_add_to_cart"},"aioseo_notices":[],"_links":{"self":[{"href":"https:\/\/waifusonorense.com\/tienda\/wp-json\/wp\/v2\/product\/1630","targetHints":{"allow":["GET"]}}],"collection":[{"href":"https:\/\/waifusonorense.com\/tienda\/wp-json\/wp\/v2\/product"}],"about":[{"href":"https:\/\/waifusonorense.com\/tienda\/wp-json\/wp\/v2\/types\/product"}],"replies":[{"embeddable":true,"href":"https:\/\/waifusonorense.com\/tienda\/wp-json\/wp\/v2\/comments?post=1630"}],"wp:featuredmedia":[{"embeddable":true,"href":"https:\/\/waifusonorense.com\/tienda\/wp-json\/wp\/v2\/media\/2271"}],"wp:attachment":[{"href":"https:\/\/waifusonorense.com\/tienda\/wp-json\/wp\/v2\/media?parent=1630"}],"wp:term":[{"taxonomy":"product_brand","embeddable":true,"href":"https:\/\/waifusonorense.com\/tienda\/wp-json\/wp\/v2\/product_brand?post=1630"},{"taxonomy":"product_cat","embeddable":true,"href":"https:\/\/waifusonorense.com\/tienda\/wp-json\/wp\/v2\/product_cat?post=1630"},{"taxonomy":"product_tag","embeddable":true,"href":"https:\/\/waifusonorense.com\/tienda\/wp-json\/wp\/v2\/product_tag?post=1630"}],"curies":[{"name":"wp","href":"https:\/\/api.w.org\/{rel}","templated":true}]}}