{"id":1478,"date":"2024-07-08T22:02:31","date_gmt":"2024-07-08T22:02:31","guid":{"rendered":"https:\/\/waifusonorense.com\/tienda\/?post_type=product&#038;p=1478"},"modified":"2025-07-08T00:20:38","modified_gmt":"2025-07-08T00:20:38","slug":"berserk-n-35","status":"publish","type":"product","link":"https:\/\/waifusonorense.com\/tienda\/product\/berserk-n-35\/","title":{"rendered":"Berserk N.35"},"content":{"rendered":"","protected":false},"excerpt":{"rendered":"<p>Cuando todo apunta a que el viaje de Vitranis a la isla de Elfhelm por fin ser\u00e1 apacible, una nueva amenaza se cierne sobre la nave capitaneada por Roderick: un barco fantasma del que brotan monstruos repugnantes. Bajo el temor de naufragar y terminar como alimento de esas bestias inmundas, Guts empu\u00f1a su legendaria espada y las derrota, pero el barco queda muy da\u00f1ado por el ataque. Entonces, Guts, sus amigos y la tripulaci\u00f3n buscan refugio en una escalofriante isla de la que brota una energ\u00eda misteriosa que no deja tranquila a Schierke. Los secretos de la isla ser\u00e1n revelados por la noche, cuando la descomunal manifestaci\u00f3n de un ancestral dios del mar ponga a todos al borde de la destrucci\u00f3n.<\/p>\n","protected":false},"featured_media":2295,"comment_status":"open","ping_status":"closed","template":"","meta":{"_monsterinsights_skip_tracking":false,"_monsterinsights_sitenote_active":false,"_monsterinsights_sitenote_note":"","_monsterinsights_sitenote_category":0},"product_brand":[],"product_cat":[116,33],"product_tag":[117],"class_list":{"0":"post-1478","1":"product","2":"type-product","3":"status-publish","4":"has-post-thumbnail","6":"product_cat-berserk","7":"product_cat-mangas","8":"product_tag-berserk","10":"first","11":"instock","12":"taxable","13":"shipping-taxable","14":"purchasable","15":"product-type-simple","16":"add-to-wishlist-after_add_to_cart"},"aioseo_notices":[],"_links":{"self":[{"href":"https:\/\/waifusonorense.com\/tienda\/wp-json\/wp\/v2\/product\/1478","targetHints":{"allow":["GET"]}}],"collection":[{"href":"https:\/\/waifusonorense.com\/tienda\/wp-json\/wp\/v2\/product"}],"about":[{"href":"https:\/\/waifusonorense.com\/tienda\/wp-json\/wp\/v2\/types\/product"}],"replies":[{"embeddable":true,"href":"https:\/\/waifusonorense.com\/tienda\/wp-json\/wp\/v2\/comments?post=1478"}],"wp:featuredmedia":[{"embeddable":true,"href":"https:\/\/waifusonorense.com\/tienda\/wp-json\/wp\/v2\/media\/2295"}],"wp:attachment":[{"href":"https:\/\/waifusonorense.com\/tienda\/wp-json\/wp\/v2\/media?parent=1478"}],"wp:term":[{"taxonomy":"product_brand","embeddable":true,"href":"https:\/\/waifusonorense.com\/tienda\/wp-json\/wp\/v2\/product_brand?post=1478"},{"taxonomy":"product_cat","embeddable":true,"href":"https:\/\/waifusonorense.com\/tienda\/wp-json\/wp\/v2\/product_cat?post=1478"},{"taxonomy":"product_tag","embeddable":true,"href":"https:\/\/waifusonorense.com\/tienda\/wp-json\/wp\/v2\/product_tag?post=1478"}],"curies":[{"name":"wp","href":"https:\/\/api.w.org\/{rel}","templated":true}]}}