{"id":1474,"date":"2024-07-08T22:02:31","date_gmt":"2024-07-08T22:02:31","guid":{"rendered":"https:\/\/waifusonorense.com\/tienda\/?post_type=product&#038;p=1474"},"modified":"2025-07-08T00:20:38","modified_gmt":"2025-07-08T00:20:38","slug":"berserk-n-31","status":"publish","type":"product","link":"https:\/\/waifusonorense.com\/tienda\/product\/berserk-n-31\/","title":{"rendered":"Berserk N.31"},"content":{"rendered":"","protected":false},"excerpt":{"rendered":"<p>Cuando los demonios Kush\u00e1n han sido derrotados, de entre la espesa niebla surge una colosal embarcaci\u00f3n dirigida por Daiba, un insignificante sujeto que esconde el tremendo poder para manipular el agua y a diversos monstruos gigantescos. As\u00ed que el viaje de Guts y sus amigos a la isla de Skellig depender\u00e1 de que Daiba y sus criaturas sean vencidos. \u00bfSer\u00e1 este brujo la \u00fanica amenaza que deber\u00e1n afrontar, o detr\u00e1s de \u00e9l se oculta un poder aun mayor que pondr\u00e1 en juego sus vidas? Desc\u00fabrelo en el tomo 31 de Berserk.<\/p>\n","protected":false},"featured_media":2296,"comment_status":"open","ping_status":"closed","template":"","meta":{"_monsterinsights_skip_tracking":false,"_monsterinsights_sitenote_active":false,"_monsterinsights_sitenote_note":"","_monsterinsights_sitenote_category":0},"product_brand":[],"product_cat":[116,33],"product_tag":[117],"class_list":{"0":"post-1474","1":"product","2":"type-product","3":"status-publish","4":"has-post-thumbnail","6":"product_cat-berserk","7":"product_cat-mangas","8":"product_tag-berserk","10":"first","11":"instock","12":"taxable","13":"shipping-taxable","14":"purchasable","15":"product-type-simple","16":"add-to-wishlist-after_add_to_cart"},"aioseo_notices":[],"_links":{"self":[{"href":"https:\/\/waifusonorense.com\/tienda\/wp-json\/wp\/v2\/product\/1474","targetHints":{"allow":["GET"]}}],"collection":[{"href":"https:\/\/waifusonorense.com\/tienda\/wp-json\/wp\/v2\/product"}],"about":[{"href":"https:\/\/waifusonorense.com\/tienda\/wp-json\/wp\/v2\/types\/product"}],"replies":[{"embeddable":true,"href":"https:\/\/waifusonorense.com\/tienda\/wp-json\/wp\/v2\/comments?post=1474"}],"wp:featuredmedia":[{"embeddable":true,"href":"https:\/\/waifusonorense.com\/tienda\/wp-json\/wp\/v2\/media\/2296"}],"wp:attachment":[{"href":"https:\/\/waifusonorense.com\/tienda\/wp-json\/wp\/v2\/media?parent=1474"}],"wp:term":[{"taxonomy":"product_brand","embeddable":true,"href":"https:\/\/waifusonorense.com\/tienda\/wp-json\/wp\/v2\/product_brand?post=1474"},{"taxonomy":"product_cat","embeddable":true,"href":"https:\/\/waifusonorense.com\/tienda\/wp-json\/wp\/v2\/product_cat?post=1474"},{"taxonomy":"product_tag","embeddable":true,"href":"https:\/\/waifusonorense.com\/tienda\/wp-json\/wp\/v2\/product_tag?post=1474"}],"curies":[{"name":"wp","href":"https:\/\/api.w.org\/{rel}","templated":true}]}}