{"id":1433,"date":"2024-07-08T22:02:12","date_gmt":"2024-07-08T22:02:12","guid":{"rendered":"https:\/\/waifusonorense.com\/tienda\/?post_type=product&#038;p=1433"},"modified":"2025-07-08T00:20:36","modified_gmt":"2025-07-08T00:20:36","slug":"assassination-classroom-n-11","status":"publish","type":"product","link":"https:\/\/waifusonorense.com\/tienda\/product\/assassination-classroom-n-11\/","title":{"rendered":"Assassination Classroom N.11"},"content":{"rendered":"","protected":false},"excerpt":{"rendered":"<p>Se descubre que uno de los integrantes de la Clase E tiene un nombre muy peculiar, lo que provoca una actividad que involucrar\u00e1 el uso de nombres clave por parte de todos. Por otra parte, una vez m\u00e1s la Clase A desaf\u00eda a la Clase E a fin de ponerlos en rid\u00edculo, pero las cosas no salen como las planeaban. \u00a1Ent\u00e9rate de qu\u00e9 pas\u00f3 despu\u00e9s en este nuevo volumen!Frases:1) El nombre no hace a una persona. el nombre simplemente yace en la huella del camino que escoges. \u2013 Koro-sensei2) En la sociedad, las habilidades de una persona en solitario tienen un l\u00edmite. \u2013 Koro-sensei4) La verdad es que los grandiosos nombres que sus padres les dieron no tienen mucho sentido. lo que tiene un significado real es lo que la persona con ese nombre hace durante su vida. \u2013 Koro-sensei<\/p>\n","protected":false},"featured_media":2299,"comment_status":"open","ping_status":"closed","template":"","meta":{"_monsterinsights_skip_tracking":false,"_monsterinsights_sitenote_active":false,"_monsterinsights_sitenote_note":"","_monsterinsights_sitenote_category":0},"product_brand":[],"product_cat":[42,33],"product_tag":[50],"class_list":{"0":"post-1433","1":"product","2":"type-product","3":"status-publish","4":"has-post-thumbnail","6":"product_cat-assassination-classroom","7":"product_cat-mangas","8":"product_tag-assassination-classroom","10":"first","11":"instock","12":"taxable","13":"shipping-taxable","14":"purchasable","15":"product-type-simple","16":"add-to-wishlist-after_add_to_cart"},"aioseo_notices":[],"_links":{"self":[{"href":"https:\/\/waifusonorense.com\/tienda\/wp-json\/wp\/v2\/product\/1433","targetHints":{"allow":["GET"]}}],"collection":[{"href":"https:\/\/waifusonorense.com\/tienda\/wp-json\/wp\/v2\/product"}],"about":[{"href":"https:\/\/waifusonorense.com\/tienda\/wp-json\/wp\/v2\/types\/product"}],"replies":[{"embeddable":true,"href":"https:\/\/waifusonorense.com\/tienda\/wp-json\/wp\/v2\/comments?post=1433"}],"wp:featuredmedia":[{"embeddable":true,"href":"https:\/\/waifusonorense.com\/tienda\/wp-json\/wp\/v2\/media\/2299"}],"wp:attachment":[{"href":"https:\/\/waifusonorense.com\/tienda\/wp-json\/wp\/v2\/media?parent=1433"}],"wp:term":[{"taxonomy":"product_brand","embeddable":true,"href":"https:\/\/waifusonorense.com\/tienda\/wp-json\/wp\/v2\/product_brand?post=1433"},{"taxonomy":"product_cat","embeddable":true,"href":"https:\/\/waifusonorense.com\/tienda\/wp-json\/wp\/v2\/product_cat?post=1433"},{"taxonomy":"product_tag","embeddable":true,"href":"https:\/\/waifusonorense.com\/tienda\/wp-json\/wp\/v2\/product_tag?post=1433"}],"curies":[{"name":"wp","href":"https:\/\/api.w.org\/{rel}","templated":true}]}}