{"id":1432,"date":"2024-07-08T22:02:12","date_gmt":"2024-07-08T22:02:12","guid":{"rendered":"https:\/\/waifusonorense.com\/tienda\/?post_type=product&#038;p=1432"},"modified":"2025-07-08T00:20:36","modified_gmt":"2025-07-08T00:20:36","slug":"assassination-classroom-n-10","status":"publish","type":"product","link":"https:\/\/waifusonorense.com\/tienda\/product\/assassination-classroom-n-10\/","title":{"rendered":"Assassination Classroom N.10"},"content":{"rendered":"","protected":false},"excerpt":{"rendered":"<p>Un nuevo intento para asesinar a Koro-sensei surge de la mente de Kayano. En tanto, Karasuma ense\u00f1a a la Clase E una nueva forma de entrenamiento, la cual pueden poner en pr\u00e1ctica gracias a la intervenci\u00f3n de un personaje que intenta desprestigiar al profesor pulpo. Finalmente, un nuevo e inesperado miembro se une a la clase e idea, junto con los chicos, nuevas formas de asesinar.Frases:&#8221;No importa qu\u00e9 pase, siempre me mantendr\u00e9 al lado de mis alumnos.&#8221; Koro-sensei &#8220;Solo aquellos que hacen un esfuerzo sincero pueden hacerse fuertes.&#8221; Padre de Itona Horibe&#8221;No te salgas del camino solo porque perdiste una o dos veces. Lo \u00fanico que tienes que haces es ganar alg\u00fan d\u00eda.&#8221; Terasaka<\/p>\n","protected":false},"featured_media":2300,"comment_status":"open","ping_status":"closed","template":"","meta":{"_monsterinsights_skip_tracking":false,"_monsterinsights_sitenote_active":false,"_monsterinsights_sitenote_note":"","_monsterinsights_sitenote_category":0},"product_brand":[],"product_cat":[42,33],"product_tag":[50],"class_list":{"0":"post-1432","1":"product","2":"type-product","3":"status-publish","4":"has-post-thumbnail","6":"product_cat-assassination-classroom","7":"product_cat-mangas","8":"product_tag-assassination-classroom","10":"first","11":"instock","12":"taxable","13":"shipping-taxable","14":"purchasable","15":"product-type-simple","16":"add-to-wishlist-after_add_to_cart"},"aioseo_notices":[],"_links":{"self":[{"href":"https:\/\/waifusonorense.com\/tienda\/wp-json\/wp\/v2\/product\/1432","targetHints":{"allow":["GET"]}}],"collection":[{"href":"https:\/\/waifusonorense.com\/tienda\/wp-json\/wp\/v2\/product"}],"about":[{"href":"https:\/\/waifusonorense.com\/tienda\/wp-json\/wp\/v2\/types\/product"}],"replies":[{"embeddable":true,"href":"https:\/\/waifusonorense.com\/tienda\/wp-json\/wp\/v2\/comments?post=1432"}],"wp:featuredmedia":[{"embeddable":true,"href":"https:\/\/waifusonorense.com\/tienda\/wp-json\/wp\/v2\/media\/2300"}],"wp:attachment":[{"href":"https:\/\/waifusonorense.com\/tienda\/wp-json\/wp\/v2\/media?parent=1432"}],"wp:term":[{"taxonomy":"product_brand","embeddable":true,"href":"https:\/\/waifusonorense.com\/tienda\/wp-json\/wp\/v2\/product_brand?post=1432"},{"taxonomy":"product_cat","embeddable":true,"href":"https:\/\/waifusonorense.com\/tienda\/wp-json\/wp\/v2\/product_cat?post=1432"},{"taxonomy":"product_tag","embeddable":true,"href":"https:\/\/waifusonorense.com\/tienda\/wp-json\/wp\/v2\/product_tag?post=1432"}],"curies":[{"name":"wp","href":"https:\/\/api.w.org\/{rel}","templated":true}]}}