{"id":1414,"date":"2024-07-08T22:01:55","date_gmt":"2024-07-08T22:01:55","guid":{"rendered":"https:\/\/waifusonorense.com\/tienda\/?post_type=product&#038;p=1414"},"modified":"2025-07-08T00:20:34","modified_gmt":"2025-07-08T00:20:34","slug":"love-is-war-n-20","status":"publish","type":"product","link":"https:\/\/waifusonorense.com\/tienda\/product\/love-is-war-n-20\/","title":{"rendered":"Love Is War N.20"},"content":{"rendered":"","protected":false},"excerpt":{"rendered":"<p>San Valent\u00edn se acerca y todas las chicas de la academia Shuchiin est\u00e1n ocupadas preparando el chocolate que les dar\u00e1n a los chicos. Miko, que se ha dado cuenta de sus sentimientos por Ishigami, quiere agradecerle de alguna forma todo lo que ha hecho por ella. Mientras tanto, el presidente prepara las maletas para mudarse&#8230; \u00bf\u00a1Ser\u00e1 el nuevo vecino de Kaguya!?<\/p>\n","protected":false},"featured_media":2309,"comment_status":"open","ping_status":"closed","template":"","meta":{"_monsterinsights_skip_tracking":false,"_monsterinsights_sitenote_active":false,"_monsterinsights_sitenote_note":"","_monsterinsights_sitenote_category":0},"product_brand":[],"product_cat":[114,33],"product_tag":[115],"class_list":{"0":"post-1414","1":"product","2":"type-product","3":"status-publish","4":"has-post-thumbnail","6":"product_cat-love-is-war","7":"product_cat-mangas","8":"product_tag-love-is-war","10":"first","11":"instock","12":"taxable","13":"shipping-taxable","14":"purchasable","15":"product-type-simple","16":"add-to-wishlist-after_add_to_cart"},"aioseo_notices":[],"_links":{"self":[{"href":"https:\/\/waifusonorense.com\/tienda\/wp-json\/wp\/v2\/product\/1414","targetHints":{"allow":["GET"]}}],"collection":[{"href":"https:\/\/waifusonorense.com\/tienda\/wp-json\/wp\/v2\/product"}],"about":[{"href":"https:\/\/waifusonorense.com\/tienda\/wp-json\/wp\/v2\/types\/product"}],"replies":[{"embeddable":true,"href":"https:\/\/waifusonorense.com\/tienda\/wp-json\/wp\/v2\/comments?post=1414"}],"wp:featuredmedia":[{"embeddable":true,"href":"https:\/\/waifusonorense.com\/tienda\/wp-json\/wp\/v2\/media\/2309"}],"wp:attachment":[{"href":"https:\/\/waifusonorense.com\/tienda\/wp-json\/wp\/v2\/media?parent=1414"}],"wp:term":[{"taxonomy":"product_brand","embeddable":true,"href":"https:\/\/waifusonorense.com\/tienda\/wp-json\/wp\/v2\/product_brand?post=1414"},{"taxonomy":"product_cat","embeddable":true,"href":"https:\/\/waifusonorense.com\/tienda\/wp-json\/wp\/v2\/product_cat?post=1414"},{"taxonomy":"product_tag","embeddable":true,"href":"https:\/\/waifusonorense.com\/tienda\/wp-json\/wp\/v2\/product_tag?post=1414"}],"curies":[{"name":"wp","href":"https:\/\/api.w.org\/{rel}","templated":true}]}}