{"id":1410,"date":"2024-07-08T22:01:54","date_gmt":"2024-07-08T22:01:54","guid":{"rendered":"https:\/\/waifusonorense.com\/tienda\/?post_type=product&#038;p=1410"},"modified":"2025-07-08T00:20:34","modified_gmt":"2025-07-08T00:20:34","slug":"love-is-war-n-16","status":"publish","type":"product","link":"https:\/\/waifusonorense.com\/tienda\/product\/love-is-war-n-16\/","title":{"rendered":"Love Is War N.16"},"content":{"rendered":"","protected":false},"excerpt":{"rendered":"<p>Kaguya y Shirogane tendr\u00e1n al fin su primera cita, pero, cuando salen del cine, una duda atormenta a Kaguya. \u00bfSeguro que esa es su primera cita? Y, si no lo es&#8230; \u00bf\u00a1qu\u00e9 espera Shirogane que pase entre ellos!? Por otro lado, Ishigami y los dem\u00e1s nos cuentan c\u00f3mo la pasaron en sus vacaciones de invierno: unos comieron ramen, otros disfrutaron de la noche m\u00e1s apasionada del a\u00f1o y otros&#8230; contrataron a un gu\u00eda local en la India para que les ayudara a encontrar la paz interior.<\/p>\n","protected":false},"featured_media":2313,"comment_status":"open","ping_status":"closed","template":"","meta":{"_monsterinsights_skip_tracking":false,"_monsterinsights_sitenote_active":false,"_monsterinsights_sitenote_note":"","_monsterinsights_sitenote_category":0},"product_brand":[],"product_cat":[114,33],"product_tag":[115],"class_list":{"0":"post-1410","1":"product","2":"type-product","3":"status-publish","4":"has-post-thumbnail","6":"product_cat-love-is-war","7":"product_cat-mangas","8":"product_tag-love-is-war","10":"first","11":"instock","12":"taxable","13":"shipping-taxable","14":"purchasable","15":"product-type-simple","16":"add-to-wishlist-after_add_to_cart"},"aioseo_notices":[],"_links":{"self":[{"href":"https:\/\/waifusonorense.com\/tienda\/wp-json\/wp\/v2\/product\/1410","targetHints":{"allow":["GET"]}}],"collection":[{"href":"https:\/\/waifusonorense.com\/tienda\/wp-json\/wp\/v2\/product"}],"about":[{"href":"https:\/\/waifusonorense.com\/tienda\/wp-json\/wp\/v2\/types\/product"}],"replies":[{"embeddable":true,"href":"https:\/\/waifusonorense.com\/tienda\/wp-json\/wp\/v2\/comments?post=1410"}],"wp:featuredmedia":[{"embeddable":true,"href":"https:\/\/waifusonorense.com\/tienda\/wp-json\/wp\/v2\/media\/2313"}],"wp:attachment":[{"href":"https:\/\/waifusonorense.com\/tienda\/wp-json\/wp\/v2\/media?parent=1410"}],"wp:term":[{"taxonomy":"product_brand","embeddable":true,"href":"https:\/\/waifusonorense.com\/tienda\/wp-json\/wp\/v2\/product_brand?post=1410"},{"taxonomy":"product_cat","embeddable":true,"href":"https:\/\/waifusonorense.com\/tienda\/wp-json\/wp\/v2\/product_cat?post=1410"},{"taxonomy":"product_tag","embeddable":true,"href":"https:\/\/waifusonorense.com\/tienda\/wp-json\/wp\/v2\/product_tag?post=1410"}],"curies":[{"name":"wp","href":"https:\/\/api.w.org\/{rel}","templated":true}]}}