{"id":1405,"date":"2024-07-08T22:01:54","date_gmt":"2024-07-08T22:01:54","guid":{"rendered":"https:\/\/waifusonorense.com\/tienda\/?post_type=product&#038;p=1405"},"modified":"2025-07-08T00:20:34","modified_gmt":"2025-07-08T00:20:34","slug":"love-is-war-n-11","status":"publish","type":"product","link":"https:\/\/waifusonorense.com\/tienda\/product\/love-is-war-n-11\/","title":{"rendered":"Love Is War N.11"},"content":{"rendered":"","protected":false},"excerpt":{"rendered":"<p>Kaguya da la bienvenida a la modernidad y ya disfruta de su nuevo smartphone. Quiere usarlo para provocar al presidente, pero, muy a su pesar, las nuevas tecnolog\u00edas a\u00fan escapan a su comprensi\u00f3n. Tambi\u00e9n disfrutaremos de una \u00e9pica batalla de rap entre Shirogane y Hayasaka, conoceremos mejor los sentimientos de Ishigami y&#8230; el presidente har\u00e1 unas declaracion es sorprendentes en las reuniones entre padres y profesores.<\/p>\n","protected":false},"featured_media":2316,"comment_status":"open","ping_status":"closed","template":"","meta":{"_monsterinsights_skip_tracking":false,"_monsterinsights_sitenote_active":false,"_monsterinsights_sitenote_note":"","_monsterinsights_sitenote_category":0},"product_brand":[],"product_cat":[114,33],"product_tag":[115],"class_list":{"0":"post-1405","1":"product","2":"type-product","3":"status-publish","4":"has-post-thumbnail","6":"product_cat-love-is-war","7":"product_cat-mangas","8":"product_tag-love-is-war","10":"first","11":"instock","12":"taxable","13":"shipping-taxable","14":"purchasable","15":"product-type-simple","16":"add-to-wishlist-after_add_to_cart"},"aioseo_notices":[],"_links":{"self":[{"href":"https:\/\/waifusonorense.com\/tienda\/wp-json\/wp\/v2\/product\/1405","targetHints":{"allow":["GET"]}}],"collection":[{"href":"https:\/\/waifusonorense.com\/tienda\/wp-json\/wp\/v2\/product"}],"about":[{"href":"https:\/\/waifusonorense.com\/tienda\/wp-json\/wp\/v2\/types\/product"}],"replies":[{"embeddable":true,"href":"https:\/\/waifusonorense.com\/tienda\/wp-json\/wp\/v2\/comments?post=1405"}],"wp:featuredmedia":[{"embeddable":true,"href":"https:\/\/waifusonorense.com\/tienda\/wp-json\/wp\/v2\/media\/2316"}],"wp:attachment":[{"href":"https:\/\/waifusonorense.com\/tienda\/wp-json\/wp\/v2\/media?parent=1405"}],"wp:term":[{"taxonomy":"product_brand","embeddable":true,"href":"https:\/\/waifusonorense.com\/tienda\/wp-json\/wp\/v2\/product_brand?post=1405"},{"taxonomy":"product_cat","embeddable":true,"href":"https:\/\/waifusonorense.com\/tienda\/wp-json\/wp\/v2\/product_cat?post=1405"},{"taxonomy":"product_tag","embeddable":true,"href":"https:\/\/waifusonorense.com\/tienda\/wp-json\/wp\/v2\/product_tag?post=1405"}],"curies":[{"name":"wp","href":"https:\/\/api.w.org\/{rel}","templated":true}]}}