{"id":1364,"date":"2024-07-08T22:01:36","date_gmt":"2024-07-08T22:01:36","guid":{"rendered":"https:\/\/waifusonorense.com\/tienda\/?post_type=product&#038;p=1364"},"modified":"2025-07-08T00:20:31","modified_gmt":"2025-07-08T00:20:31","slug":"rent-a-girlfriend-n-15","status":"publish","type":"product","link":"https:\/\/waifusonorense.com\/tienda\/product\/rent-a-girlfriend-n-15\/","title":{"rendered":"Rent-A-Girlfriend N.15"},"content":{"rendered":"","protected":false},"excerpt":{"rendered":"<p>Kazuya Kinoshita es un veintea\u00f1ero universitario que es feliz con su novia, a la que incluso ha llegado a besar! ( Kyaaah, hentaiiii!) Pero cuando su chica lo deja de la noche a la ma\u00f1ana, le entra un gran baj\u00f3n y encuentra su \u00fanico consuelo en una app que te permite alquilar una novia. Y as\u00ed llega a su vida Chizuru Mizuhara, una morena incre\u00edblemente preciosa, tanto que parece demasiado buena para ser real. Aunque las sospechas de que: aqu\u00ed hay gato encerrado llevan al chico a no querer seguir con el jueguecito, su abuela acaba ingresada justo a tiempo para salvar la trama. As\u00ed es como Kazuya empieza a ir a ver a su abuela con Chizuru y ella queda tan encantada con la preciosa novia de su nieto que se ve obligado a continuar con el trato. Muy pronto ambos descubrir\u00e1n que sus caminos est\u00e1n mucho m\u00e1s interconectados de lo que pensaban y para que no sean felices ni coman perdices, la m\u00e1s disparatada variedad de personajes secundarios entrar\u00e1n en escena para liar m\u00e1s la cosa.<\/p>\n","protected":false},"featured_media":2209,"comment_status":"open","ping_status":"closed","template":"","meta":{"_monsterinsights_skip_tracking":false,"_monsterinsights_sitenote_active":false,"_monsterinsights_sitenote_note":"","_monsterinsights_sitenote_category":0},"product_brand":[],"product_cat":[33,110],"product_tag":[111],"class_list":{"0":"post-1364","1":"product","2":"type-product","3":"status-publish","4":"has-post-thumbnail","6":"product_cat-mangas","7":"product_cat-rent-a-girlfriend","8":"product_tag-rent-a-girlfriend","10":"first","11":"instock","12":"taxable","13":"shipping-taxable","14":"purchasable","15":"product-type-simple","16":"add-to-wishlist-after_add_to_cart"},"aioseo_notices":[],"_links":{"self":[{"href":"https:\/\/waifusonorense.com\/tienda\/wp-json\/wp\/v2\/product\/1364","targetHints":{"allow":["GET"]}}],"collection":[{"href":"https:\/\/waifusonorense.com\/tienda\/wp-json\/wp\/v2\/product"}],"about":[{"href":"https:\/\/waifusonorense.com\/tienda\/wp-json\/wp\/v2\/types\/product"}],"replies":[{"embeddable":true,"href":"https:\/\/waifusonorense.com\/tienda\/wp-json\/wp\/v2\/comments?post=1364"}],"wp:featuredmedia":[{"embeddable":true,"href":"https:\/\/waifusonorense.com\/tienda\/wp-json\/wp\/v2\/media\/2209"}],"wp:attachment":[{"href":"https:\/\/waifusonorense.com\/tienda\/wp-json\/wp\/v2\/media?parent=1364"}],"wp:term":[{"taxonomy":"product_brand","embeddable":true,"href":"https:\/\/waifusonorense.com\/tienda\/wp-json\/wp\/v2\/product_brand?post=1364"},{"taxonomy":"product_cat","embeddable":true,"href":"https:\/\/waifusonorense.com\/tienda\/wp-json\/wp\/v2\/product_cat?post=1364"},{"taxonomy":"product_tag","embeddable":true,"href":"https:\/\/waifusonorense.com\/tienda\/wp-json\/wp\/v2\/product_tag?post=1364"}],"curies":[{"name":"wp","href":"https:\/\/api.w.org\/{rel}","templated":true}]}}