{"id":1363,"date":"2024-07-08T22:01:18","date_gmt":"2024-07-08T22:01:18","guid":{"rendered":"https:\/\/waifusonorense.com\/tienda\/?post_type=product&#038;p=1363"},"modified":"2025-07-08T00:20:31","modified_gmt":"2025-07-08T00:20:31","slug":"rent-a-girlfriend-n-14","status":"publish","type":"product","link":"https:\/\/waifusonorense.com\/tienda\/product\/rent-a-girlfriend-n-14\/","title":{"rendered":"Rent-A-Girlfriend N.14"},"content":{"rendered":"","protected":false},"excerpt":{"rendered":"<p>\u00a1El financiamiento colectivo para cumplir el sue\u00f1o de Mizuhara comenz\u00f3! La recaudaci\u00f3n avanza de manera favorable, pero ahora lo dif\u00edcil es encontrar un guion original para realizar la pel\u00edcula. Adem\u00e1s, por si fuera poco, \u00a1la nueva vecina, Mini Yaemori, se enter\u00f3 de la \u201crelaci\u00f3n falsa\u201d entre Mizuhara y Kazuya! \u00a1Las cosas empiezan a animarse en este volumen catorce!<\/p>\n","protected":false},"featured_media":2210,"comment_status":"open","ping_status":"closed","template":"","meta":{"_monsterinsights_skip_tracking":false,"_monsterinsights_sitenote_active":false,"_monsterinsights_sitenote_note":"","_monsterinsights_sitenote_category":0},"product_brand":[],"product_cat":[33,110],"product_tag":[111],"class_list":{"0":"post-1363","1":"product","2":"type-product","3":"status-publish","4":"has-post-thumbnail","6":"product_cat-mangas","7":"product_cat-rent-a-girlfriend","8":"product_tag-rent-a-girlfriend","10":"first","11":"instock","12":"taxable","13":"shipping-taxable","14":"purchasable","15":"product-type-simple","16":"add-to-wishlist-after_add_to_cart"},"aioseo_notices":[],"_links":{"self":[{"href":"https:\/\/waifusonorense.com\/tienda\/wp-json\/wp\/v2\/product\/1363","targetHints":{"allow":["GET"]}}],"collection":[{"href":"https:\/\/waifusonorense.com\/tienda\/wp-json\/wp\/v2\/product"}],"about":[{"href":"https:\/\/waifusonorense.com\/tienda\/wp-json\/wp\/v2\/types\/product"}],"replies":[{"embeddable":true,"href":"https:\/\/waifusonorense.com\/tienda\/wp-json\/wp\/v2\/comments?post=1363"}],"wp:featuredmedia":[{"embeddable":true,"href":"https:\/\/waifusonorense.com\/tienda\/wp-json\/wp\/v2\/media\/2210"}],"wp:attachment":[{"href":"https:\/\/waifusonorense.com\/tienda\/wp-json\/wp\/v2\/media?parent=1363"}],"wp:term":[{"taxonomy":"product_brand","embeddable":true,"href":"https:\/\/waifusonorense.com\/tienda\/wp-json\/wp\/v2\/product_brand?post=1363"},{"taxonomy":"product_cat","embeddable":true,"href":"https:\/\/waifusonorense.com\/tienda\/wp-json\/wp\/v2\/product_cat?post=1363"},{"taxonomy":"product_tag","embeddable":true,"href":"https:\/\/waifusonorense.com\/tienda\/wp-json\/wp\/v2\/product_tag?post=1363"}],"curies":[{"name":"wp","href":"https:\/\/api.w.org\/{rel}","templated":true}]}}