{"id":1346,"date":"2024-07-08T22:01:17","date_gmt":"2024-07-08T22:01:17","guid":{"rendered":"https:\/\/waifusonorense.com\/tienda\/?post_type=product&#038;p=1346"},"modified":"2025-07-08T00:20:30","modified_gmt":"2025-07-08T00:20:30","slug":"komi-cant-communicate-n-14","status":"publish","type":"product","link":"https:\/\/waifusonorense.com\/tienda\/product\/komi-cant-communicate-n-14\/","title":{"rendered":"Komi Can&#8217;t Communicate  N.14"},"content":{"rendered":"","protected":false},"excerpt":{"rendered":"<p>Komi-san sigue disfrutando sus vacaciones de verano. Regresa al campo en autob\u00fas para visitar a su prima, da la vuelta en bicicleta con Tadano-kun, se re\u00fane con sus compa\u00f1eros de clase y ayuda en un puesto durante un Festival. Mientras contempla los fuegos artificiales en compa\u00f1\u00eda de algunos de sus amigos, \u00bfsu percepci\u00f3n del amor empieza a cambiar?<\/p>\n","protected":false},"featured_media":2231,"comment_status":"open","ping_status":"closed","template":"","meta":{"_monsterinsights_skip_tracking":false,"_monsterinsights_sitenote_active":false,"_monsterinsights_sitenote_note":"","_monsterinsights_sitenote_category":0},"product_brand":[],"product_cat":[107,33],"product_tag":[108],"class_list":{"0":"post-1346","1":"product","2":"type-product","3":"status-publish","4":"has-post-thumbnail","6":"product_cat-komi-cant-communicate","7":"product_cat-mangas","8":"product_tag-komi-cant-communicate","10":"first","11":"instock","12":"taxable","13":"shipping-taxable","14":"purchasable","15":"product-type-simple","16":"add-to-wishlist-after_add_to_cart"},"aioseo_notices":[],"_links":{"self":[{"href":"https:\/\/waifusonorense.com\/tienda\/wp-json\/wp\/v2\/product\/1346","targetHints":{"allow":["GET"]}}],"collection":[{"href":"https:\/\/waifusonorense.com\/tienda\/wp-json\/wp\/v2\/product"}],"about":[{"href":"https:\/\/waifusonorense.com\/tienda\/wp-json\/wp\/v2\/types\/product"}],"replies":[{"embeddable":true,"href":"https:\/\/waifusonorense.com\/tienda\/wp-json\/wp\/v2\/comments?post=1346"}],"wp:featuredmedia":[{"embeddable":true,"href":"https:\/\/waifusonorense.com\/tienda\/wp-json\/wp\/v2\/media\/2231"}],"wp:attachment":[{"href":"https:\/\/waifusonorense.com\/tienda\/wp-json\/wp\/v2\/media?parent=1346"}],"wp:term":[{"taxonomy":"product_brand","embeddable":true,"href":"https:\/\/waifusonorense.com\/tienda\/wp-json\/wp\/v2\/product_brand?post=1346"},{"taxonomy":"product_cat","embeddable":true,"href":"https:\/\/waifusonorense.com\/tienda\/wp-json\/wp\/v2\/product_cat?post=1346"},{"taxonomy":"product_tag","embeddable":true,"href":"https:\/\/waifusonorense.com\/tienda\/wp-json\/wp\/v2\/product_tag?post=1346"}],"curies":[{"name":"wp","href":"https:\/\/api.w.org\/{rel}","templated":true}]}}