{"id":1345,"date":"2024-07-08T22:01:17","date_gmt":"2024-07-08T22:01:17","guid":{"rendered":"https:\/\/waifusonorense.com\/tienda\/?post_type=product&#038;p=1345"},"modified":"2025-07-08T00:20:30","modified_gmt":"2025-07-08T00:20:30","slug":"komi-cant-communicate-n-13","status":"publish","type":"product","link":"https:\/\/waifusonorense.com\/tienda\/product\/komi-cant-communicate-n-13\/","title":{"rendered":"Komi Can&#8217;t Communicate  N.13"},"content":{"rendered":"","protected":false},"excerpt":{"rendered":"<p>En vacaciones de verano, la vida cotidiana de Komi-san y Rei-chan sigue adelante. Parece que se est\u00e1n conociendo un poco mejor, pero de repente Rei-chan se aleja. \u00bfCu\u00e1l es su verdadera intenci\u00f3n? Adem\u00e1s, Komi-san y Tadano-kun quieren invitarse a salir, pero no pueden, y Najimi organiza una reuni\u00f3n para ver pel\u00edculas de terror.<\/p>\n","protected":false},"featured_media":2232,"comment_status":"open","ping_status":"closed","template":"","meta":{"_monsterinsights_skip_tracking":false,"_monsterinsights_sitenote_active":false,"_monsterinsights_sitenote_note":"","_monsterinsights_sitenote_category":0},"product_brand":[],"product_cat":[107,33],"product_tag":[108],"class_list":{"0":"post-1345","1":"product","2":"type-product","3":"status-publish","4":"has-post-thumbnail","6":"product_cat-komi-cant-communicate","7":"product_cat-mangas","8":"product_tag-komi-cant-communicate","10":"first","11":"instock","12":"taxable","13":"shipping-taxable","14":"purchasable","15":"product-type-simple","16":"add-to-wishlist-after_add_to_cart"},"aioseo_notices":[],"_links":{"self":[{"href":"https:\/\/waifusonorense.com\/tienda\/wp-json\/wp\/v2\/product\/1345","targetHints":{"allow":["GET"]}}],"collection":[{"href":"https:\/\/waifusonorense.com\/tienda\/wp-json\/wp\/v2\/product"}],"about":[{"href":"https:\/\/waifusonorense.com\/tienda\/wp-json\/wp\/v2\/types\/product"}],"replies":[{"embeddable":true,"href":"https:\/\/waifusonorense.com\/tienda\/wp-json\/wp\/v2\/comments?post=1345"}],"wp:featuredmedia":[{"embeddable":true,"href":"https:\/\/waifusonorense.com\/tienda\/wp-json\/wp\/v2\/media\/2232"}],"wp:attachment":[{"href":"https:\/\/waifusonorense.com\/tienda\/wp-json\/wp\/v2\/media?parent=1345"}],"wp:term":[{"taxonomy":"product_brand","embeddable":true,"href":"https:\/\/waifusonorense.com\/tienda\/wp-json\/wp\/v2\/product_brand?post=1345"},{"taxonomy":"product_cat","embeddable":true,"href":"https:\/\/waifusonorense.com\/tienda\/wp-json\/wp\/v2\/product_cat?post=1345"},{"taxonomy":"product_tag","embeddable":true,"href":"https:\/\/waifusonorense.com\/tienda\/wp-json\/wp\/v2\/product_tag?post=1345"}],"curies":[{"name":"wp","href":"https:\/\/api.w.org\/{rel}","templated":true}]}}