{"id":1342,"date":"2024-07-08T22:01:17","date_gmt":"2024-07-08T22:01:17","guid":{"rendered":"https:\/\/waifusonorense.com\/tienda\/?post_type=product&#038;p=1342"},"modified":"2025-07-08T00:20:30","modified_gmt":"2025-07-08T00:20:30","slug":"komi-cant-communicate-n-10","status":"publish","type":"product","link":"https:\/\/waifusonorense.com\/tienda\/product\/komi-cant-communicate-n-10\/","title":{"rendered":"Komi Can&#8217;t Communicate  N.10"},"content":{"rendered":"","protected":false},"excerpt":{"rendered":"<p>El final del primer a\u00f1o de Komi-san est\u00e1 pr\u00f3ximo, justo cuando se ha hecho amiga de todos. En su segundo a\u00f1o conocer\u00e1 a Manbagi-san, quien en contraste con su apariencia llamativa, parece tener problemas para hacer amigos. En este nuevo entorno y con la ansiedad de siempre, Komi-san empezar\u00e1 a hilar palabras.<\/p>\n","protected":false},"featured_media":2235,"comment_status":"open","ping_status":"closed","template":"","meta":{"_monsterinsights_skip_tracking":false,"_monsterinsights_sitenote_active":false,"_monsterinsights_sitenote_note":"","_monsterinsights_sitenote_category":0},"product_brand":[],"product_cat":[107,33],"product_tag":[108],"class_list":{"0":"post-1342","1":"product","2":"type-product","3":"status-publish","4":"has-post-thumbnail","6":"product_cat-komi-cant-communicate","7":"product_cat-mangas","8":"product_tag-komi-cant-communicate","10":"first","11":"instock","12":"taxable","13":"shipping-taxable","14":"purchasable","15":"product-type-simple","16":"add-to-wishlist-after_add_to_cart"},"aioseo_notices":[],"_links":{"self":[{"href":"https:\/\/waifusonorense.com\/tienda\/wp-json\/wp\/v2\/product\/1342","targetHints":{"allow":["GET"]}}],"collection":[{"href":"https:\/\/waifusonorense.com\/tienda\/wp-json\/wp\/v2\/product"}],"about":[{"href":"https:\/\/waifusonorense.com\/tienda\/wp-json\/wp\/v2\/types\/product"}],"replies":[{"embeddable":true,"href":"https:\/\/waifusonorense.com\/tienda\/wp-json\/wp\/v2\/comments?post=1342"}],"wp:featuredmedia":[{"embeddable":true,"href":"https:\/\/waifusonorense.com\/tienda\/wp-json\/wp\/v2\/media\/2235"}],"wp:attachment":[{"href":"https:\/\/waifusonorense.com\/tienda\/wp-json\/wp\/v2\/media?parent=1342"}],"wp:term":[{"taxonomy":"product_brand","embeddable":true,"href":"https:\/\/waifusonorense.com\/tienda\/wp-json\/wp\/v2\/product_brand?post=1342"},{"taxonomy":"product_cat","embeddable":true,"href":"https:\/\/waifusonorense.com\/tienda\/wp-json\/wp\/v2\/product_cat?post=1342"},{"taxonomy":"product_tag","embeddable":true,"href":"https:\/\/waifusonorense.com\/tienda\/wp-json\/wp\/v2\/product_tag?post=1342"}],"curies":[{"name":"wp","href":"https:\/\/api.w.org\/{rel}","templated":true}]}}