{"id":1308,"date":"2024-07-08T22:00:59","date_gmt":"2024-07-08T22:00:59","guid":{"rendered":"https:\/\/waifusonorense.com\/tienda\/?post_type=product&#038;p=1308"},"modified":"2025-07-08T00:20:27","modified_gmt":"2025-07-08T00:20:27","slug":"jojos-bizarre-stell-ball-run-n-5","status":"publish","type":"product","link":"https:\/\/waifusonorense.com\/tienda\/product\/jojos-bizarre-stell-ball-run-n-5\/","title":{"rendered":"JoJo&#8217;s Bizarre &#8211; Stell Ball Run N.5"},"content":{"rendered":"","protected":false},"excerpt":{"rendered":"<p>Ahora, en la tercera etapa, Gyro y Johnny, quienes est\u00e1n cruzando las Rocky Mountains, atestiguan la transformaci\u00f3n de su rival, debido a una habilidad de Stand. \u00a1Solo que Dio no solo va tras sus vidas, tambi\u00e9n va por otra parte del cuerpo que se encuentra en esa ruta! Gyro se transformar\u00e1 en dinosaurio despu\u00e9s debido a la infecci\u00f3n que absorbe a todos los seres que rodea, sin embargo, notar\u00e1 que el proceso de Johnny es m\u00e1s lento que el suyo\u00a0<\/p>\n","protected":false},"featured_media":2193,"comment_status":"open","ping_status":"closed","template":"","meta":{"_monsterinsights_skip_tracking":false,"_monsterinsights_sitenote_active":false,"_monsterinsights_sitenote_note":"","_monsterinsights_sitenote_category":0},"product_brand":[],"product_cat":[103,33],"product_tag":[104],"class_list":{"0":"post-1308","1":"product","2":"type-product","3":"status-publish","4":"has-post-thumbnail","6":"product_cat-jojos-bizarre-adventure","7":"product_cat-mangas","8":"product_tag-jojos-bizarre-adventure","10":"first","11":"instock","12":"taxable","13":"shipping-taxable","14":"purchasable","15":"product-type-simple","16":"add-to-wishlist-after_add_to_cart"},"aioseo_notices":[],"_links":{"self":[{"href":"https:\/\/waifusonorense.com\/tienda\/wp-json\/wp\/v2\/product\/1308","targetHints":{"allow":["GET"]}}],"collection":[{"href":"https:\/\/waifusonorense.com\/tienda\/wp-json\/wp\/v2\/product"}],"about":[{"href":"https:\/\/waifusonorense.com\/tienda\/wp-json\/wp\/v2\/types\/product"}],"replies":[{"embeddable":true,"href":"https:\/\/waifusonorense.com\/tienda\/wp-json\/wp\/v2\/comments?post=1308"}],"wp:featuredmedia":[{"embeddable":true,"href":"https:\/\/waifusonorense.com\/tienda\/wp-json\/wp\/v2\/media\/2193"}],"wp:attachment":[{"href":"https:\/\/waifusonorense.com\/tienda\/wp-json\/wp\/v2\/media?parent=1308"}],"wp:term":[{"taxonomy":"product_brand","embeddable":true,"href":"https:\/\/waifusonorense.com\/tienda\/wp-json\/wp\/v2\/product_brand?post=1308"},{"taxonomy":"product_cat","embeddable":true,"href":"https:\/\/waifusonorense.com\/tienda\/wp-json\/wp\/v2\/product_cat?post=1308"},{"taxonomy":"product_tag","embeddable":true,"href":"https:\/\/waifusonorense.com\/tienda\/wp-json\/wp\/v2\/product_tag?post=1308"}],"curies":[{"name":"wp","href":"https:\/\/api.w.org\/{rel}","templated":true}]}}