{"id":1307,"date":"2024-07-08T22:00:59","date_gmt":"2024-07-08T22:00:59","guid":{"rendered":"https:\/\/waifusonorense.com\/tienda\/?post_type=product&#038;p=1307"},"modified":"2025-07-08T00:20:27","modified_gmt":"2025-07-08T00:20:27","slug":"jojos-bizarre-stell-ball-run-n-4","status":"publish","type":"product","link":"https:\/\/waifusonorense.com\/tienda\/product\/jojos-bizarre-stell-ball-run-n-4\/","title":{"rendered":"JoJo&#8217;s Bizarre &#8211; Stell Ball Run N.4"},"content":{"rendered":"","protected":false},"excerpt":{"rendered":"<p>Johnny contin\u00faa con la segunda etapa, pero descubre un cuerpo extra\u00f1o en su mano&#8230; \u00bfAcaso este cuerpo es el causante de la repentina rotaci\u00f3n de sus u\u00f1as? Johnny comienza a notar una verdad oculta tras el intenso ataque del terrorista\u2026 La ruta de la carrera fue trazada con gran precisi\u00f3n\u2026 \u00bfQui\u00e9n es la persona que est\u00e1 detr\u00e1s de las acciones del se\u00f1or Steed?<\/p>\n","protected":false},"featured_media":2194,"comment_status":"open","ping_status":"closed","template":"","meta":{"_monsterinsights_skip_tracking":false,"_monsterinsights_sitenote_active":false,"_monsterinsights_sitenote_note":"","_monsterinsights_sitenote_category":0},"product_brand":[],"product_cat":[103,33],"product_tag":[104],"class_list":{"0":"post-1307","1":"product","2":"type-product","3":"status-publish","4":"has-post-thumbnail","6":"product_cat-jojos-bizarre-adventure","7":"product_cat-mangas","8":"product_tag-jojos-bizarre-adventure","10":"first","11":"instock","12":"taxable","13":"shipping-taxable","14":"purchasable","15":"product-type-simple","16":"add-to-wishlist-after_add_to_cart"},"aioseo_notices":[],"_links":{"self":[{"href":"https:\/\/waifusonorense.com\/tienda\/wp-json\/wp\/v2\/product\/1307","targetHints":{"allow":["GET"]}}],"collection":[{"href":"https:\/\/waifusonorense.com\/tienda\/wp-json\/wp\/v2\/product"}],"about":[{"href":"https:\/\/waifusonorense.com\/tienda\/wp-json\/wp\/v2\/types\/product"}],"replies":[{"embeddable":true,"href":"https:\/\/waifusonorense.com\/tienda\/wp-json\/wp\/v2\/comments?post=1307"}],"wp:featuredmedia":[{"embeddable":true,"href":"https:\/\/waifusonorense.com\/tienda\/wp-json\/wp\/v2\/media\/2194"}],"wp:attachment":[{"href":"https:\/\/waifusonorense.com\/tienda\/wp-json\/wp\/v2\/media?parent=1307"}],"wp:term":[{"taxonomy":"product_brand","embeddable":true,"href":"https:\/\/waifusonorense.com\/tienda\/wp-json\/wp\/v2\/product_brand?post=1307"},{"taxonomy":"product_cat","embeddable":true,"href":"https:\/\/waifusonorense.com\/tienda\/wp-json\/wp\/v2\/product_cat?post=1307"},{"taxonomy":"product_tag","embeddable":true,"href":"https:\/\/waifusonorense.com\/tienda\/wp-json\/wp\/v2\/product_tag?post=1307"}],"curies":[{"name":"wp","href":"https:\/\/api.w.org\/{rel}","templated":true}]}}