{"id":1222,"date":"2024-07-08T22:00:05","date_gmt":"2024-07-08T22:00:05","guid":{"rendered":"https:\/\/waifusonorense.com\/tienda\/?post_type=product&#038;p=1222"},"modified":"2025-07-08T00:20:22","modified_gmt":"2025-07-08T00:20:22","slug":"goblin-slayer-n-9","status":"publish","type":"product","link":"https:\/\/waifusonorense.com\/tienda\/product\/goblin-slayer-n-9\/","title":{"rendered":"Goblin Slayer N.9"},"content":{"rendered":"","protected":false},"excerpt":{"rendered":"<p>Tras el festival de la cosecha, Goblin Slayer parte acompa\u00f1ado de su grupo hacia las monta\u00f1as nevadas para responder a la petici\u00f3n de la Doncella de la Espada. All\u00ed descubrir\u00e1n un pueblo atacado por unos duendes&#8230; que parece que empezaron a aprender a combatir. O quiz\u00e1s, es que alguien les estuvo ense\u00f1ando&#8230;<\/p>\n","protected":false},"featured_media":2168,"comment_status":"open","ping_status":"closed","template":"","meta":{"_monsterinsights_skip_tracking":false,"_monsterinsights_sitenote_active":false,"_monsterinsights_sitenote_note":"","_monsterinsights_sitenote_category":0},"product_brand":[],"product_cat":[97,33],"product_tag":[98],"class_list":{"0":"post-1222","1":"product","2":"type-product","3":"status-publish","4":"has-post-thumbnail","6":"product_cat-goblin-slayer","7":"product_cat-mangas","8":"product_tag-goblin-slayer","10":"first","11":"instock","12":"taxable","13":"shipping-taxable","14":"purchasable","15":"product-type-simple","16":"add-to-wishlist-after_add_to_cart"},"aioseo_notices":[],"_links":{"self":[{"href":"https:\/\/waifusonorense.com\/tienda\/wp-json\/wp\/v2\/product\/1222","targetHints":{"allow":["GET"]}}],"collection":[{"href":"https:\/\/waifusonorense.com\/tienda\/wp-json\/wp\/v2\/product"}],"about":[{"href":"https:\/\/waifusonorense.com\/tienda\/wp-json\/wp\/v2\/types\/product"}],"replies":[{"embeddable":true,"href":"https:\/\/waifusonorense.com\/tienda\/wp-json\/wp\/v2\/comments?post=1222"}],"wp:featuredmedia":[{"embeddable":true,"href":"https:\/\/waifusonorense.com\/tienda\/wp-json\/wp\/v2\/media\/2168"}],"wp:attachment":[{"href":"https:\/\/waifusonorense.com\/tienda\/wp-json\/wp\/v2\/media?parent=1222"}],"wp:term":[{"taxonomy":"product_brand","embeddable":true,"href":"https:\/\/waifusonorense.com\/tienda\/wp-json\/wp\/v2\/product_brand?post=1222"},{"taxonomy":"product_cat","embeddable":true,"href":"https:\/\/waifusonorense.com\/tienda\/wp-json\/wp\/v2\/product_cat?post=1222"},{"taxonomy":"product_tag","embeddable":true,"href":"https:\/\/waifusonorense.com\/tienda\/wp-json\/wp\/v2\/product_tag?post=1222"}],"curies":[{"name":"wp","href":"https:\/\/api.w.org\/{rel}","templated":true}]}}