{"id":1171,"date":"2024-07-08T21:59:29","date_gmt":"2024-07-08T21:59:29","guid":{"rendered":"https:\/\/waifusonorense.com\/tienda\/?post_type=product&#038;p=1171"},"modified":"2025-07-08T00:20:18","modified_gmt":"2025-07-08T00:20:18","slug":"fire-force-n-18","status":"publish","type":"product","link":"https:\/\/waifusonorense.com\/tienda\/product\/fire-force-n-18\/","title":{"rendered":"Fire Force N.18"},"content":{"rendered":"","protected":false},"excerpt":{"rendered":"<p>En respuesta a las inquietantes acciones de los seguidores de la predicadora, el jefe de lafamilia Oze, el general del ej\u00e9rcito imperial Danro, ordena una investigaci\u00f3n del interior alsegundo cuerpo. El octavo cuerpo tambi\u00e9n recibi\u00f3 una solicitud de apoyo y as\u00ed comienzauna misi\u00f3n en conjunto.Pero al mismo tiempo el ej\u00e9rcito recibe la orden de regresar aMaki. Antes de poder unirse a la misi\u00f3n, \u00a1\u00bfMaki est\u00e1 en peligro de dejar el octavocuerpo?!<\/p>\n","protected":false},"featured_media":2126,"comment_status":"open","ping_status":"closed","template":"","meta":{"_monsterinsights_skip_tracking":false,"_monsterinsights_sitenote_active":false,"_monsterinsights_sitenote_note":"","_monsterinsights_sitenote_category":0},"product_brand":[],"product_cat":[89,33],"product_tag":[90],"class_list":{"0":"post-1171","1":"product","2":"type-product","3":"status-publish","4":"has-post-thumbnail","6":"product_cat-fire-force","7":"product_cat-mangas","8":"product_tag-fire-force","10":"first","11":"instock","12":"taxable","13":"shipping-taxable","14":"purchasable","15":"product-type-simple","16":"add-to-wishlist-after_add_to_cart"},"aioseo_notices":[],"_links":{"self":[{"href":"https:\/\/waifusonorense.com\/tienda\/wp-json\/wp\/v2\/product\/1171","targetHints":{"allow":["GET"]}}],"collection":[{"href":"https:\/\/waifusonorense.com\/tienda\/wp-json\/wp\/v2\/product"}],"about":[{"href":"https:\/\/waifusonorense.com\/tienda\/wp-json\/wp\/v2\/types\/product"}],"replies":[{"embeddable":true,"href":"https:\/\/waifusonorense.com\/tienda\/wp-json\/wp\/v2\/comments?post=1171"}],"wp:featuredmedia":[{"embeddable":true,"href":"https:\/\/waifusonorense.com\/tienda\/wp-json\/wp\/v2\/media\/2126"}],"wp:attachment":[{"href":"https:\/\/waifusonorense.com\/tienda\/wp-json\/wp\/v2\/media?parent=1171"}],"wp:term":[{"taxonomy":"product_brand","embeddable":true,"href":"https:\/\/waifusonorense.com\/tienda\/wp-json\/wp\/v2\/product_brand?post=1171"},{"taxonomy":"product_cat","embeddable":true,"href":"https:\/\/waifusonorense.com\/tienda\/wp-json\/wp\/v2\/product_cat?post=1171"},{"taxonomy":"product_tag","embeddable":true,"href":"https:\/\/waifusonorense.com\/tienda\/wp-json\/wp\/v2\/product_tag?post=1171"}],"curies":[{"name":"wp","href":"https:\/\/api.w.org\/{rel}","templated":true}]}}