{"id":1169,"date":"2024-07-08T21:59:29","date_gmt":"2024-07-08T21:59:29","guid":{"rendered":"https:\/\/waifusonorense.com\/tienda\/?post_type=product&#038;p=1169"},"modified":"2025-07-08T00:20:18","modified_gmt":"2025-07-08T00:20:18","slug":"fire-force-n-16","status":"publish","type":"product","link":"https:\/\/waifusonorense.com\/tienda\/product\/fire-force-n-16\/","title":{"rendered":"Fire Force N.16"},"content":{"rendered":"","protected":false},"excerpt":{"rendered":"<p>El Octavo Cuerpo de bomberos descubre la verdad detr\u00e1s de Industrias Haijima, por lo queShinraest\u00e1 dispuesto a infiltrarse en esta gran corporaci\u00f3n con tal de detener susmal\u00e9volas pr\u00e1cticas. Sin embargo, para salvar a los ni\u00f1os que sirven como conejillos deIndias tendr\u00e1 que enfrentarse a un viejo enemigo que le caus\u00f3 bastante dolor durante suinfancia. \u00bfPodr\u00e1 liberarse de sus traumas pasados y derrotar a este poderoso pirocin\u00e9tico?<\/p>\n","protected":false},"featured_media":2128,"comment_status":"open","ping_status":"closed","template":"","meta":{"_monsterinsights_skip_tracking":false,"_monsterinsights_sitenote_active":false,"_monsterinsights_sitenote_note":"","_monsterinsights_sitenote_category":0},"product_brand":[],"product_cat":[89,33],"product_tag":[90],"class_list":{"0":"post-1169","1":"product","2":"type-product","3":"status-publish","4":"has-post-thumbnail","6":"product_cat-fire-force","7":"product_cat-mangas","8":"product_tag-fire-force","10":"first","11":"instock","12":"taxable","13":"shipping-taxable","14":"purchasable","15":"product-type-simple","16":"add-to-wishlist-after_add_to_cart"},"aioseo_notices":[],"_links":{"self":[{"href":"https:\/\/waifusonorense.com\/tienda\/wp-json\/wp\/v2\/product\/1169","targetHints":{"allow":["GET"]}}],"collection":[{"href":"https:\/\/waifusonorense.com\/tienda\/wp-json\/wp\/v2\/product"}],"about":[{"href":"https:\/\/waifusonorense.com\/tienda\/wp-json\/wp\/v2\/types\/product"}],"replies":[{"embeddable":true,"href":"https:\/\/waifusonorense.com\/tienda\/wp-json\/wp\/v2\/comments?post=1169"}],"wp:featuredmedia":[{"embeddable":true,"href":"https:\/\/waifusonorense.com\/tienda\/wp-json\/wp\/v2\/media\/2128"}],"wp:attachment":[{"href":"https:\/\/waifusonorense.com\/tienda\/wp-json\/wp\/v2\/media?parent=1169"}],"wp:term":[{"taxonomy":"product_brand","embeddable":true,"href":"https:\/\/waifusonorense.com\/tienda\/wp-json\/wp\/v2\/product_brand?post=1169"},{"taxonomy":"product_cat","embeddable":true,"href":"https:\/\/waifusonorense.com\/tienda\/wp-json\/wp\/v2\/product_cat?post=1169"},{"taxonomy":"product_tag","embeddable":true,"href":"https:\/\/waifusonorense.com\/tienda\/wp-json\/wp\/v2\/product_tag?post=1169"}],"curies":[{"name":"wp","href":"https:\/\/api.w.org\/{rel}","templated":true}]}}