{"id":1164,"date":"2024-07-08T21:59:29","date_gmt":"2024-07-08T21:59:29","guid":{"rendered":"https:\/\/waifusonorense.com\/tienda\/?post_type=product&#038;p=1164"},"modified":"2025-07-08T00:20:18","modified_gmt":"2025-07-08T00:20:18","slug":"fire-force-n-11","status":"publish","type":"product","link":"https:\/\/waifusonorense.com\/tienda\/product\/fire-force-n-11\/","title":{"rendered":"Fire Force N.11"},"content":{"rendered":"","protected":false},"excerpt":{"rendered":"<p>\u00a1Se revelar\u00e1 la verdad sobre el incendio de hace doce a\u00f1os! El jefe Burns aparece frente a Shinra, quien ha sufrido grandes heridas tras enfrentarse a Sho. \u00bfQu\u00e9 causar\u00e1 en Shinra lo que dir\u00e1 Burns despu\u00e9s de mantenerse callado por tanto tiempo? El demonio\u2026 Adolla Burst\u2026 el Enlace Adolla\u2026 a medida que las piezas misteriosas se van juntando, \u00a1la pelea contra el Predicador da un nuevo giro! \u00a1\u00bfLa clave est\u00e1 en los chicos y chicas \u201cPilar\u201d?! \u00a1Se revela un nuevo cap\u00edtulo! \u00a1Comienza el arco del Cuarto Cuerpo!<\/p>\n","protected":false},"featured_media":2131,"comment_status":"open","ping_status":"closed","template":"","meta":{"_monsterinsights_skip_tracking":false,"_monsterinsights_sitenote_active":false,"_monsterinsights_sitenote_note":"","_monsterinsights_sitenote_category":0},"product_brand":[],"product_cat":[89,33],"product_tag":[90],"class_list":{"0":"post-1164","1":"product","2":"type-product","3":"status-publish","4":"has-post-thumbnail","6":"product_cat-fire-force","7":"product_cat-mangas","8":"product_tag-fire-force","10":"first","11":"instock","12":"taxable","13":"shipping-taxable","14":"purchasable","15":"product-type-simple","16":"add-to-wishlist-after_add_to_cart"},"aioseo_notices":[],"_links":{"self":[{"href":"https:\/\/waifusonorense.com\/tienda\/wp-json\/wp\/v2\/product\/1164","targetHints":{"allow":["GET"]}}],"collection":[{"href":"https:\/\/waifusonorense.com\/tienda\/wp-json\/wp\/v2\/product"}],"about":[{"href":"https:\/\/waifusonorense.com\/tienda\/wp-json\/wp\/v2\/types\/product"}],"replies":[{"embeddable":true,"href":"https:\/\/waifusonorense.com\/tienda\/wp-json\/wp\/v2\/comments?post=1164"}],"wp:featuredmedia":[{"embeddable":true,"href":"https:\/\/waifusonorense.com\/tienda\/wp-json\/wp\/v2\/media\/2131"}],"wp:attachment":[{"href":"https:\/\/waifusonorense.com\/tienda\/wp-json\/wp\/v2\/media?parent=1164"}],"wp:term":[{"taxonomy":"product_brand","embeddable":true,"href":"https:\/\/waifusonorense.com\/tienda\/wp-json\/wp\/v2\/product_brand?post=1164"},{"taxonomy":"product_cat","embeddable":true,"href":"https:\/\/waifusonorense.com\/tienda\/wp-json\/wp\/v2\/product_cat?post=1164"},{"taxonomy":"product_tag","embeddable":true,"href":"https:\/\/waifusonorense.com\/tienda\/wp-json\/wp\/v2\/product_tag?post=1164"}],"curies":[{"name":"wp","href":"https:\/\/api.w.org\/{rel}","templated":true}]}}