{"id":1159,"date":"2024-07-08T21:59:29","date_gmt":"2024-07-08T21:59:29","guid":{"rendered":"https:\/\/waifusonorense.com\/tienda\/?post_type=product&#038;p=1159"},"modified":"2025-07-08T00:20:17","modified_gmt":"2025-07-08T00:20:17","slug":"fire-force-n-6","status":"publish","type":"product","link":"https:\/\/waifusonorense.com\/tienda\/product\/fire-force-n-6\/","title":{"rendered":"Fire Force N.6"},"content":{"rendered":"","protected":false},"excerpt":{"rendered":"<p>Debido a las habilidades del astuto clan del Predicador, se crearon muchos malentendidos, y causaron que dos grandes h\u00e9roes se enfrentaran. \u00bfQu\u00e9 suceder\u00e1 en una confrontaci\u00f3n en la que ninguno de los dos se rendir\u00e1? Adem\u00e1s del ej\u00e9rcito enemigo que llega continuamente, el pueblo de Asakusa cae en un caos. \u00bfQu\u00e9 har\u00e1n el s\u00e9ptimo y octavo cuerpos en un pueblo en llamas y contra los feroces ataques de los encapuchados blancos? \u00bfTendr\u00e1n Shinra y compa\u00f1\u00eda alguna t\u00e9cnica para ponerle fin al enfrentamiento?<\/p>\n","protected":false},"featured_media":2136,"comment_status":"open","ping_status":"closed","template":"","meta":{"_monsterinsights_skip_tracking":false,"_monsterinsights_sitenote_active":false,"_monsterinsights_sitenote_note":"","_monsterinsights_sitenote_category":0},"product_brand":[],"product_cat":[89,33],"product_tag":[90],"class_list":{"0":"post-1159","1":"product","2":"type-product","3":"status-publish","4":"has-post-thumbnail","6":"product_cat-fire-force","7":"product_cat-mangas","8":"product_tag-fire-force","10":"first","11":"instock","12":"taxable","13":"shipping-taxable","14":"purchasable","15":"product-type-simple","16":"add-to-wishlist-after_add_to_cart"},"aioseo_notices":[],"_links":{"self":[{"href":"https:\/\/waifusonorense.com\/tienda\/wp-json\/wp\/v2\/product\/1159","targetHints":{"allow":["GET"]}}],"collection":[{"href":"https:\/\/waifusonorense.com\/tienda\/wp-json\/wp\/v2\/product"}],"about":[{"href":"https:\/\/waifusonorense.com\/tienda\/wp-json\/wp\/v2\/types\/product"}],"replies":[{"embeddable":true,"href":"https:\/\/waifusonorense.com\/tienda\/wp-json\/wp\/v2\/comments?post=1159"}],"wp:featuredmedia":[{"embeddable":true,"href":"https:\/\/waifusonorense.com\/tienda\/wp-json\/wp\/v2\/media\/2136"}],"wp:attachment":[{"href":"https:\/\/waifusonorense.com\/tienda\/wp-json\/wp\/v2\/media?parent=1159"}],"wp:term":[{"taxonomy":"product_brand","embeddable":true,"href":"https:\/\/waifusonorense.com\/tienda\/wp-json\/wp\/v2\/product_brand?post=1159"},{"taxonomy":"product_cat","embeddable":true,"href":"https:\/\/waifusonorense.com\/tienda\/wp-json\/wp\/v2\/product_cat?post=1159"},{"taxonomy":"product_tag","embeddable":true,"href":"https:\/\/waifusonorense.com\/tienda\/wp-json\/wp\/v2\/product_tag?post=1159"}],"curies":[{"name":"wp","href":"https:\/\/api.w.org\/{rel}","templated":true}]}}