{"id":1086,"date":"2024-07-08T21:58:36","date_gmt":"2024-07-08T21:58:36","guid":{"rendered":"https:\/\/waifusonorense.com\/tienda\/?post_type=product&#038;p=1086"},"modified":"2025-07-08T00:20:13","modified_gmt":"2025-07-08T00:20:13","slug":"boruto-n-12","status":"publish","type":"product","link":"https:\/\/waifusonorense.com\/tienda\/product\/boruto-n-12\/","title":{"rendered":"Boruto N.12"},"content":{"rendered":"","protected":false},"excerpt":{"rendered":"<p>\u00a1Una traici\u00f3n gestada durante tiempo desconocido est\u00e1 a punto de consumarse! Amado aparece repentinamente en la aldea de Konoha, toma a Shikadai como reh\u00e9n y exige hablar con su padre. \u00a1Las negociaciones revelan un peligro terrible para el planeta entero! Una gran batalla entre Koji Kashin y Jigen se desata, \u00a1y quienes la miran tambi\u00e9n son testigos de lo que sucede con Kawaki como recipiente!<\/p>\n","protected":false},"featured_media":2102,"comment_status":"open","ping_status":"closed","template":"","meta":{"_monsterinsights_skip_tracking":false,"_monsterinsights_sitenote_active":false,"_monsterinsights_sitenote_note":"","_monsterinsights_sitenote_category":0},"product_brand":[],"product_cat":[73,33],"product_tag":[76],"class_list":{"0":"post-1086","1":"product","2":"type-product","3":"status-publish","4":"has-post-thumbnail","6":"product_cat-bloom-into-you","7":"product_cat-mangas","8":"product_tag-boruto","10":"first","11":"instock","12":"taxable","13":"shipping-taxable","14":"purchasable","15":"product-type-simple","16":"add-to-wishlist-after_add_to_cart"},"aioseo_notices":[],"_links":{"self":[{"href":"https:\/\/waifusonorense.com\/tienda\/wp-json\/wp\/v2\/product\/1086","targetHints":{"allow":["GET"]}}],"collection":[{"href":"https:\/\/waifusonorense.com\/tienda\/wp-json\/wp\/v2\/product"}],"about":[{"href":"https:\/\/waifusonorense.com\/tienda\/wp-json\/wp\/v2\/types\/product"}],"replies":[{"embeddable":true,"href":"https:\/\/waifusonorense.com\/tienda\/wp-json\/wp\/v2\/comments?post=1086"}],"wp:featuredmedia":[{"embeddable":true,"href":"https:\/\/waifusonorense.com\/tienda\/wp-json\/wp\/v2\/media\/2102"}],"wp:attachment":[{"href":"https:\/\/waifusonorense.com\/tienda\/wp-json\/wp\/v2\/media?parent=1086"}],"wp:term":[{"taxonomy":"product_brand","embeddable":true,"href":"https:\/\/waifusonorense.com\/tienda\/wp-json\/wp\/v2\/product_brand?post=1086"},{"taxonomy":"product_cat","embeddable":true,"href":"https:\/\/waifusonorense.com\/tienda\/wp-json\/wp\/v2\/product_cat?post=1086"},{"taxonomy":"product_tag","embeddable":true,"href":"https:\/\/waifusonorense.com\/tienda\/wp-json\/wp\/v2\/product_tag?post=1086"}],"curies":[{"name":"wp","href":"https:\/\/api.w.org\/{rel}","templated":true}]}}