{"id":1058,"date":"2024-07-08T21:58:18","date_gmt":"2024-07-08T21:58:18","guid":{"rendered":"https:\/\/waifusonorense.com\/tienda\/?post_type=product&#038;p=1058"},"modified":"2025-07-08T00:20:11","modified_gmt":"2025-07-08T00:20:11","slug":"made-in-abyss-n-3","status":"publish","type":"product","link":"https:\/\/waifusonorense.com\/tienda\/product\/made-in-abyss-n-3\/","title":{"rendered":"Made in Abyss N.3"},"content":{"rendered":"","protected":false},"excerpt":{"rendered":"<p>Ozen, a pesar de su duro exterior, realmente es amable con Riko y Reg: no solo los gu\u00eda para lograr un r\u00e1pido entrenamiento, sino que les brinda informaci\u00f3n acerca de c\u00f3mo enfrentar el abismo y los seres que en \u00e9l habitan, as\u00ed como secretos transmitidos \u00fanicamente de forma oral entre los Silbatos Blancos que han alcanzado las capas m\u00e1s profundas. Riko est\u00e1 agradecida y emprende el camino llena de expectaci\u00f3n, pero pronto su suerte cambia y tras un desafortunado ataque que la deja inconsciente, Reg conoce a Nanachi, quien podr\u00eda salvarla, y a Mitty, una criatura que ha padecido los efectos del ascenso en el abismo de una forma m\u00e1s que inhumana\u2026<\/p>\n","protected":false},"featured_media":2113,"comment_status":"open","ping_status":"closed","template":"","meta":{"_monsterinsights_skip_tracking":false,"_monsterinsights_sitenote_active":false,"_monsterinsights_sitenote_note":"","_monsterinsights_sitenote_category":0},"product_brand":[],"product_cat":[68,33],"product_tag":[72],"class_list":{"0":"post-1058","1":"product","2":"type-product","3":"status-publish","4":"has-post-thumbnail","6":"product_cat-demon-slayer","7":"product_cat-mangas","8":"product_tag-made-in-abyss","10":"first","11":"instock","12":"taxable","13":"shipping-taxable","14":"purchasable","15":"product-type-simple","16":"add-to-wishlist-after_add_to_cart"},"aioseo_notices":[],"_links":{"self":[{"href":"https:\/\/waifusonorense.com\/tienda\/wp-json\/wp\/v2\/product\/1058","targetHints":{"allow":["GET"]}}],"collection":[{"href":"https:\/\/waifusonorense.com\/tienda\/wp-json\/wp\/v2\/product"}],"about":[{"href":"https:\/\/waifusonorense.com\/tienda\/wp-json\/wp\/v2\/types\/product"}],"replies":[{"embeddable":true,"href":"https:\/\/waifusonorense.com\/tienda\/wp-json\/wp\/v2\/comments?post=1058"}],"wp:featuredmedia":[{"embeddable":true,"href":"https:\/\/waifusonorense.com\/tienda\/wp-json\/wp\/v2\/media\/2113"}],"wp:attachment":[{"href":"https:\/\/waifusonorense.com\/tienda\/wp-json\/wp\/v2\/media?parent=1058"}],"wp:term":[{"taxonomy":"product_brand","embeddable":true,"href":"https:\/\/waifusonorense.com\/tienda\/wp-json\/wp\/v2\/product_brand?post=1058"},{"taxonomy":"product_cat","embeddable":true,"href":"https:\/\/waifusonorense.com\/tienda\/wp-json\/wp\/v2\/product_cat?post=1058"},{"taxonomy":"product_tag","embeddable":true,"href":"https:\/\/waifusonorense.com\/tienda\/wp-json\/wp\/v2\/product_tag?post=1058"}],"curies":[{"name":"wp","href":"https:\/\/api.w.org\/{rel}","templated":true}]}}