{"id":1053,"date":"2024-07-08T21:58:18","date_gmt":"2024-07-08T21:58:18","guid":{"rendered":"https:\/\/waifusonorense.com\/tienda\/?post_type=product&#038;p=1053"},"modified":"2025-07-08T00:20:11","modified_gmt":"2025-07-08T00:20:11","slug":"demon-slayer-n-21-2","status":"publish","type":"product","link":"https:\/\/waifusonorense.com\/tienda\/product\/demon-slayer-n-21-2\/","title":{"rendered":"Demon Slayer N.21"},"content":{"rendered":"","protected":false},"excerpt":{"rendered":"<p>Muzan, el se\u00f1or de los demonios, sale de su capullo carnoso, y comienza a atacar a diestray siniestra a los miembros de la Compa\u00f1\u00eda Cazademoniosdentro del castillo. Tanjiro, Giyu,Iguro y Kanroji llegan a donde est\u00e1, pero apenas logran contenerlo mientras Yushiro obligaa Nakime a enviar a todos a la superficie. Ah\u00ed, Tanjiro resulta herido, y, en su delirio,vienen a \u00e9l los recuerdos de su ancestro Sumiyoshi sobre una conversaci\u00f3n con Yoriichi.<\/p>\n","protected":false},"featured_media":1559,"comment_status":"open","ping_status":"closed","template":"","meta":{"_monsterinsights_skip_tracking":false,"_monsterinsights_sitenote_active":false,"_monsterinsights_sitenote_note":"","_monsterinsights_sitenote_category":0},"product_brand":[],"product_cat":[68,33],"product_tag":[69,70],"class_list":{"0":"post-1053","1":"product","2":"type-product","3":"status-publish","4":"has-post-thumbnail","6":"product_cat-demon-slayer","7":"product_cat-mangas","8":"product_tag-demon-slayer","9":"product_tag-kimetsu-no-yaiba","11":"first","12":"instock","13":"taxable","14":"shipping-taxable","15":"purchasable","16":"product-type-simple","17":"add-to-wishlist-after_add_to_cart"},"aioseo_notices":[],"_links":{"self":[{"href":"https:\/\/waifusonorense.com\/tienda\/wp-json\/wp\/v2\/product\/1053","targetHints":{"allow":["GET"]}}],"collection":[{"href":"https:\/\/waifusonorense.com\/tienda\/wp-json\/wp\/v2\/product"}],"about":[{"href":"https:\/\/waifusonorense.com\/tienda\/wp-json\/wp\/v2\/types\/product"}],"replies":[{"embeddable":true,"href":"https:\/\/waifusonorense.com\/tienda\/wp-json\/wp\/v2\/comments?post=1053"}],"wp:featuredmedia":[{"embeddable":true,"href":"https:\/\/waifusonorense.com\/tienda\/wp-json\/wp\/v2\/media\/1559"}],"wp:attachment":[{"href":"https:\/\/waifusonorense.com\/tienda\/wp-json\/wp\/v2\/media?parent=1053"}],"wp:term":[{"taxonomy":"product_brand","embeddable":true,"href":"https:\/\/waifusonorense.com\/tienda\/wp-json\/wp\/v2\/product_brand?post=1053"},{"taxonomy":"product_cat","embeddable":true,"href":"https:\/\/waifusonorense.com\/tienda\/wp-json\/wp\/v2\/product_cat?post=1053"},{"taxonomy":"product_tag","embeddable":true,"href":"https:\/\/waifusonorense.com\/tienda\/wp-json\/wp\/v2\/product_tag?post=1053"}],"curies":[{"name":"wp","href":"https:\/\/api.w.org\/{rel}","templated":true}]}}